{"id":21,"date":"2019-10-22T01:14:55","date_gmt":"2019-10-21T23:14:55","guid":{"rendered":"https:\/\/sstanginggpizza.pizzasevermartin.sk\/?page_id=21"},"modified":"2022-01-19T03:14:20","modified_gmt":"2022-01-19T02:14:20","slug":"rozvoz","status":"publish","type":"page","link":"https:\/\/sstanginggpizza.pizzasevermartin.sk\/en\/rozvoz\/","title":{"rendered":"Delivery"},"content":{"rendered":"<!--themify_builder_content-->\n<div id=\"themify_builder_content-21\" data-postid=\"21\" class=\"themify_builder_content themify_builder_content-21 themify_builder tf_clear\">\n    \t\t\t\t<!-- module_row -->\n\t\t<div  data-css_id=\"l63z149\" data-lazy=\"1\" class=\"module_row themify_builder_row fullwidth tb_l63z149 tb_first tf_w tf_clearfix\">\n\t\t\t\t\t<div class=\"row_inner col_align_top tb_col_count_1 tf_box tf_rel\">\n\t\t\t\t\t<div  data-lazy=\"1\" class=\"module_column tb-column col-full tb_8jq8151 first\">\n\t\t\t\t\t\t\t\t\t<div class=\"tb-column-inner tf_box tf_w\">\n\t\t\t\t<!-- module text -->\n<div  class=\"module module-text tb_hvk1546\" data-lazy=\"1\">\n        <div  class=\"tb_text_wrap\">\n    <h1 style=\"text-align: center;\">Delivery<\/h1>    <\/div>\n<\/div>\n<!-- \/module text -->\t\t\t\t<\/div><!-- .tb-column-inner -->\n\t\t\t\t\t\t<\/div><!-- .module_column -->\n\t\t\t\t\t\t<\/div><!-- .row_inner -->\n\t\t<\/div><!-- .module_row -->\n\t\t\t\t\t\t\t\t<!-- module_row -->\n\t\t<div  data-lazy=\"1\" class=\"module_row themify_builder_row tb_6i3p536 tf_w tf_clearfix\">\n\t\t\t\t\t<div class=\"row_inner col_align_top tb_col_count_4 tf_box tf_rel\">\n\t\t\t\t\t<div  data-lazy=\"1\" class=\"module_column tb-column col4-1 tb_pngb537 first\">\n\t\t\t\t\t\t\t\t\t<div class=\"tb-column-inner tf_box tf_w\">\n\t\t\t\t<!-- module text -->\n<div  class=\"module module-text tb_2r7d987\" data-lazy=\"1\">\n        <div  class=\"tb_text_wrap\">\n    <h2>Z\u00f3na 1<\/h2>    <\/div>\n<\/div>\n<!-- \/module text --><!-- module text -->\n<div  class=\"module module-text tb_izy6324\" data-lazy=\"1\">\n        <div  class=\"tb_text_wrap\">\n    <p>1x produkt v ko\u0161\u00edku z kateg\u00f3rie Pizze | Grilovan\u00e9 \u0161peciality = 1\u20ac<br \/><br \/>2x produkt v ko\u0161\u00edku z kateg\u00f3rie Pizze | Grilovan\u00e9 \u0161peciality = 0\u20ac<\/p>    <\/div>\n<\/div>\n<!-- \/module text --><!-- module text -->\n<div  class=\"module module-text tb_tbil482\" data-lazy=\"1\">\n        <div  class=\"tb_text_wrap\">\n    <p>Martin | 03601<br \/>Vr\u00fatky | 03861<br \/>Tom\u010dany | 03601<br \/>Kol\u00f3nia Hviezda | 03861<br \/>Tur\u010dianske K\u013ea\u010dany | 03861<br \/>Lipovec | 03861<br \/>Karva\u0161a a Bl\u00e1hovca | 03861<\/p>    <\/div>\n<\/div>\n<!-- \/module text -->\t\t\t\t<\/div><!-- .tb-column-inner -->\n\t\t\t\t\t\t<\/div><!-- .module_column -->\n\t\t\t\t\t<div  data-lazy=\"1\" class=\"module_column tb-column col4-1 tb_n888308\">\n\t\t\t\t\t\t\t\t\t<div class=\"tb-column-inner tf_box tf_w\">\n\t\t\t\t<!-- module text -->\n<div  class=\"module module-text tb_3apz692\" data-lazy=\"1\">\n        <div  class=\"tb_text_wrap\">\n    <h2>Z\u00f3na 2<\/h2>    <\/div>\n<\/div>\n<!-- \/module text --><!-- module text -->\n<div  class=\"module module-text tb_puib434\" data-lazy=\"1\">\n        <div  class=\"tb_text_wrap\">\n    <p>1x produkt v ko\u0161\u00edku z kateg\u00f3rie Pizze | Grilovan\u00e9 \u0161peciality = 2\u20ac<\/p>\n<p>2x produkt v ko\u0161\u00edku z kateg\u00f3rie Pizze | Grilovan\u00e9 \u0161peciality = 1\u20ac<\/p>    <\/div>\n<\/div>\n<!-- \/module text --><!-- module text -->\n<div  class=\"module module-text tb_lirb49\" data-lazy=\"1\">\n        <div  class=\"tb_text_wrap\">\n    <p>Dr\u00e1\u017ekovce | 03802<br \/>Su\u010dany | 03852<br \/>Podhradie | 03852<br \/>Bystri\u010dka | 03804<br \/>Ko\u0161\u0165any nad Turcom | 03841<br \/>Diakov\u00e1 | 03802 <br \/>Doln\u00fd Kaln\u00edk | 03802<br \/>Horn\u00fd Kaln\u00edk | 03802<br \/>\u017dabokreky | 03840<br \/>Trebostovo | 03841<br \/>Trnovo | 03841<br \/>Tur\u010diansky Peter | 03841<br \/>Tur\u010dianske Jaseno | 03802<br \/>Horn\u00e9 Jaseno | 03802<\/p>    <\/div>\n<\/div>\n<!-- \/module text -->\t\t\t\t<\/div><!-- .tb-column-inner -->\n\t\t\t\t\t\t<\/div><!-- .module_column -->\n\t\t\t\t\t<div  data-lazy=\"1\" class=\"module_column tb-column col4-1 tb_rtdt308\">\n\t\t\t\t\t\t\t\t\t<div class=\"tb-column-inner tf_box tf_w\">\n\t\t\t\t<!-- module text -->\n<div  class=\"module module-text tb_2xkp296\" data-lazy=\"1\">\n        <div  class=\"tb_text_wrap\">\n    <h2>Z\u00f3na 3<\/h2>    <\/div>\n<\/div>\n<!-- \/module text --><!-- module text -->\n<div  class=\"module module-text tb_eeuc145\" data-lazy=\"1\">\n        <div  class=\"tb_text_wrap\">\n    <p>1x produkt v ko\u0161\u00edku z kateg\u00f3rie Pizze | Grilovan\u00e9 \u0161peciality = 3\u20ac<br \/><br \/>2x produkt v ko\u0161\u00edku z kateg\u00f3rie Pizze | Grilovan\u00e9 \u0161peciality = 2\u20ac<\/p>    <\/div>\n<\/div>\n<!-- \/module text --><!-- module text -->\n<div  class=\"module module-text tb_uv7c916\" data-lazy=\"1\">\n        <div  class=\"tb_text_wrap\">\n    <p>Z\u00e1borie | 03803<br \/>Turany | 03853<br \/>Sklabi\u0148a | 03803 <br \/>Tur\u010dianska \u0160tiavni\u010dka | 03851<br \/>Sklabinsk\u00fd Podz\u00e1mok | 03803<br \/><br \/><\/p>    <\/div>\n<\/div>\n<!-- \/module text -->\t\t\t\t<\/div><!-- .tb-column-inner -->\n\t\t\t\t\t\t<\/div><!-- .module_column -->\n\t\t\t\t\t<div  data-lazy=\"1\" class=\"module_column tb-column col4-1 tb_3wrh309 last\">\n\t\t\t\t\t\t\t\t\t<div class=\"tb-column-inner tf_box tf_w\">\n\t\t\t\t<!-- module text -->\n<div  class=\"module module-text tb_07qf497\" data-lazy=\"1\">\n        <div  class=\"tb_text_wrap\">\n    <h2>Z\u00f3na 4<\/h2>    <\/div>\n<\/div>\n<!-- \/module text --><!-- module text -->\n<div  class=\"module module-text tb_ldpa463\" data-lazy=\"1\">\n        <div  class=\"tb_text_wrap\">\n    <p>1x produkt v ko\u0161\u00edku z kateg\u00f3rie Pizze | Grilovan\u00e9 \u0161peciality = 4\u20ac<br \/><br \/>2x produkt v ko\u0161\u00edku z kateg\u00f3rie Pizze | Grilovan\u00e9 \u0161peciality = 3\u20ac<\/p>    <\/div>\n<\/div>\n<!-- \/module text --><!-- module text -->\n<div  class=\"module module-text tb_dfgz795\" data-lazy=\"1\">\n        <div  class=\"tb_text_wrap\">\n    <p>Pr\u00edbovce | 03842<br \/>Benice | 03842<br \/>Bel\u00e1 &#8211; Dulice | 03811 <br \/>Rakovo | 03842 <br \/>\u010eanov\u00e1 | 03842<br \/>Le\u017eiachov | 03842<br \/>Folku\u0161ov\u00e1 | 03842<br \/>Necpaly | 03812<br \/>Val\u010da | 03835<br \/>Jasensk\u00e1 dolina | 22222<\/p>    <\/div>\n<\/div>\n<!-- \/module text -->\t\t\t\t<\/div><!-- .tb-column-inner -->\n\t\t\t\t\t\t<\/div><!-- .module_column -->\n\t\t\t\t\t\t<\/div><!-- .row_inner -->\n\t\t<\/div><!-- .module_row -->\n\t\t\t\t\t\t\t\t<!-- module_row -->\n\t\t<div  data-lazy=\"1\" class=\"module_row themify_builder_row tb_5cpp143 tf_w tf_clearfix\">\n\t\t\t\t\t<div class=\"row_inner col_align_top tb_col_count_4 tf_box tf_rel\">\n\t\t\t\t\t<div  data-lazy=\"1\" class=\"module_column tb-column col4-1 tb_9s4r144 first\">\n\t\t\t\t\t\t\t\t\t<div class=\"tb-column-inner tf_box tf_w\">\n\t\t\t\t<!-- module text -->\n<div  class=\"module module-text tb_sukn80\" data-lazy=\"1\">\n        <div  class=\"tb_text_wrap\">\n    <h2>Z\u00f3na 5<\/h2>    <\/div>\n<\/div>\n<!-- \/module text --><!-- module text -->\n<div  class=\"module module-text tb_lib7923\" data-lazy=\"1\">\n        <div  class=\"tb_text_wrap\">\n    <p>1x produkt v ko\u0161\u00edku z kateg\u00f3rie Pizze | Grilovan\u00e9 \u0161peciality = 5\u20ac<br \/><br \/>2x produkt v ko\u0161\u00edku z kateg\u00f3rie Pizze | Grilovan\u00e9 \u0161peciality = 4\u20ac<\/p>    <\/div>\n<\/div>\n<!-- \/module text --><!-- module text -->\n<div  class=\"module module-text tb_832q972\" data-lazy=\"1\">\n        <div  class=\"tb_text_wrap\">\n    <p>Nol\u010dovo | 03854<br \/>Krpe\u013eany | 03854<br \/>Ratkovo | 03854<br \/>\u0160\u00fatovo | 03854 <br \/>Snowland Val\u010da | 33333<\/p>    <\/div>\n<\/div>\n<!-- \/module text -->\t\t\t\t<\/div><!-- .tb-column-inner -->\n\t\t\t\t\t\t<\/div><!-- .module_column -->\n\t\t\t\t\t<div  data-lazy=\"1\" class=\"module_column tb-column col4-1 tb_4iit145\">\n\t\t\t\t\t\t\t\t\t<div class=\"tb-column-inner tf_box tf_w\">\n\t\t\t\t<!-- module text -->\n<div  class=\"module module-text tb_i5pw144\" data-lazy=\"1\">\n        <div  class=\"tb_text_wrap\">\n    <h2>Z\u00f3na 6<\/h2>    <\/div>\n<\/div>\n<!-- \/module text --><!-- module text -->\n<div  class=\"module module-text tb_17sh570\" data-lazy=\"1\">\n        <div  class=\"tb_text_wrap\">\n    <p>1x produkt v ko\u0161\u00edku z kateg\u00f3rie Pizze | Grilovan\u00e9 \u0161peciality = 6\u20ac<br \/><br \/>2x produkt v ko\u0161\u00edku z kateg\u00f3rie Pizze | Grilovan\u00e9 \u0161peciality = 5\u20ac<\/p>    <\/div>\n<\/div>\n<!-- \/module text --><!-- module text -->\n<div  class=\"module module-text tb_tqxt888\" data-lazy=\"1\">\n        <div  class=\"tb_text_wrap\">\n    <p>Tur\u010diansky \u010eur | 03843<br \/>Blatnica | 03815<br \/>Socovce | 03843 <br \/>Karlov\u00e1 | 03815<br \/>Slovany | 03843<br \/>Valentov\u00e1 | 03843<br \/>Kl\u00e1\u0161tor pod Znievom | 03843<\/p>    <\/div>\n<\/div>\n<!-- \/module text -->\t\t\t\t<\/div><!-- .tb-column-inner -->\n\t\t\t\t\t\t<\/div><!-- .module_column -->\n\t\t\t\t\t<div  data-lazy=\"1\" class=\"module_column tb-column col4-1 tb_wavt145\">\n\t\t\t\t\t\t\t\t\t<div class=\"tb-column-inner tf_box tf_w\">\n\t\t\t\t<!-- module text -->\n<div  class=\"module module-text tb_35np145  repeat\" data-lazy=\"1\">\n        <div  class=\"tb_text_wrap\">\n    <h2>Z\u00f3na 7<\/h2>    <\/div>\n<\/div>\n<!-- \/module text --><!-- module text -->\n<div  class=\"module module-text tb_yxo2983\" data-lazy=\"1\">\n        <div  class=\"tb_text_wrap\">\n    <p>1x produkt v ko\u0161\u00edku z kateg\u00f3rie Pizze | Grilovan\u00e9 \u0161peciality = 7\u20ac<br \/><br \/>2x produkt v ko\u0161\u00edku z kateg\u00f3rie Pizze | Grilovan\u00e9 \u0161peciality = 6\u20ac<\/p>    <\/div>\n<\/div>\n<!-- \/module text --><!-- module text -->\n<div  class=\"module module-text tb_m4yf204\" data-lazy=\"1\">\n        <div  class=\"tb_text_wrap\">\n    <p>Jazernica | 03844<br \/>Mo\u0161ovce | 03821<br \/><br \/><\/p>    <\/div>\n<\/div>\n<!-- \/module text -->\t\t\t\t<\/div><!-- .tb-column-inner -->\n\t\t\t\t\t\t<\/div><!-- .module_column -->\n\t\t\t\t\t<div  data-lazy=\"1\" class=\"module_column tb-column col4-1 tb_yer1145 last\">\n\t\t\t\t\t\t\t\t\t<div class=\"tb-column-inner tf_box tf_w\">\n\t\t\t\t<!-- module text -->\n<div  class=\"module module-text tb_74tk145\" data-lazy=\"1\">\n        <div  class=\"tb_text_wrap\">\n    <h2>Z\u00f3na 8<\/h2>    <\/div>\n<\/div>\n<!-- \/module text --><!-- module text -->\n<div  class=\"module module-text tb_pf3i355\" data-lazy=\"1\">\n        <div  class=\"tb_text_wrap\">\n    <p>1x produkt v ko\u0161\u00edku z kateg\u00f3rie Pizze | Grilovan\u00e9 \u0161peciality = 11\u20ac<br \/><br \/>2x produkt v ko\u0161\u00edku z kateg\u00f3rie Pizze | Grilovan\u00e9 \u0161peciality = 10\u20ac<\/p>    <\/div>\n<\/div>\n<!-- \/module text --><!-- module text -->\n<div  class=\"module module-text tb_zcmr687\" data-lazy=\"1\">\n        <div  class=\"tb_text_wrap\">\n    <p>Mal\u00fd \u010cep\u010d\u00edn | 03845<br \/>Ve\u013ek\u00fd \u010cep\u010d\u00edn | 03845<br \/>Diviaky | 03901 <br \/>Tur\u010dianske Teplice | 03901<br \/>Abramov\u00e1 | 03822<\/p>    <\/div>\n<\/div>\n<!-- \/module text -->\t\t\t\t<\/div><!-- .tb-column-inner -->\n\t\t\t\t\t\t<\/div><!-- .module_column -->\n\t\t\t\t\t\t<\/div><!-- .row_inner -->\n\t\t<\/div><!-- .module_row -->\n\t\t\t\t\t\t\t\t<!-- module_row -->\n\t\t<div  data-lazy=\"1\" class=\"module_row themify_builder_row tb_awfm498 tf_w tf_clearfix\">\n\t\t\t\t\t<div class=\"row_inner col_align_top tb_col_count_4 tf_box tf_rel\">\n\t\t\t\t\t<div  data-lazy=\"1\" class=\"module_column tb-column col4-1 tb_ehkf500 first\">\n\t\t\t\t\t\t\t\t\t<div class=\"tb-column-inner tf_box tf_w\">\n\t\t\t\t<!-- module text -->\n<div  class=\"module module-text tb_atuo145\" data-lazy=\"1\">\n        <div  class=\"tb_text_wrap\">\n    <h2>Z\u00f3na 9<\/h2>    <\/div>\n<\/div>\n<!-- \/module text --><!-- module text -->\n<div  class=\"module module-text tb_ucqc674\" data-lazy=\"1\">\n        <div  class=\"tb_text_wrap\">\n    <p>1x produkt v ko\u0161\u00edku z kateg\u00f3rie Pizze | Grilovan\u00e9 \u0161peciality = 15\u20ac<br \/><br \/>2x produkt v ko\u0161\u00edku z kateg\u00f3rie Pizze | Grilovan\u00e9 \u0161peciality = 14\u20ac<\/p>    <\/div>\n<\/div>\n<!-- \/module text --><!-- module text -->\n<div  class=\"module module-text tb_yub238\" data-lazy=\"1\">\n        <div  class=\"tb_text_wrap\">\n    <p>Vr\u00edcko | 03831<\/p>    <\/div>\n<\/div>\n<!-- \/module text -->\t\t\t\t<\/div><!-- .tb-column-inner -->\n\t\t\t\t\t\t<\/div><!-- .module_column -->\n\t\t\t\t\t<div  data-lazy=\"1\" class=\"module_column tb-column col4-1 tb_6q8q501\">\n\t\t\t\t\t\t\t<\/div><!-- .module_column -->\n\t\t\t\t\t<div  data-lazy=\"1\" class=\"module_column tb-column col4-1 tb_043m45\">\n\t\t\t\t\t\t\t<\/div><!-- .module_column -->\n\t\t\t\t\t<div  data-lazy=\"1\" class=\"module_column tb-column col4-1 tb_kl1946 last\">\n\t\t\t\t\t\t\t<\/div><!-- .module_column -->\n\t\t\t\t\t\t<\/div><!-- .row_inner -->\n\t\t<\/div><!-- .module_row -->\n\t\t\t\t<\/div>\n<!--\/themify_builder_content-->","protected":false},"excerpt":{"rendered":"<p>Rozvoz Z\u00f3na 1 1x produkt v ko\u0161\u00edku z kateg\u00f3rie Pizze | Grilovan\u00e9 \u0161peciality = 1\u20ac 2x produkt v ko\u0161\u00edku z kateg\u00f3rie Pizze | Grilovan\u00e9 \u0161peciality = 0\u20ac Martin | 03601Vr\u00fatky | 03861Tom\u010dany | 03601Kol\u00f3nia Hviezda | 03861Tur\u010dianske K\u013ea\u010dany | 03861Lipovec | 03861Karva\u0161a a Bl\u00e1hovca | 03861 Z\u00f3na 2 1x produkt v ko\u0161\u00edku z kateg\u00f3rie Pizze [&hellip;]<\/p>","protected":false},"author":1,"featured_media":0,"parent":0,"menu_order":0,"comment_status":"closed","ping_status":"closed","template":"","meta":{"footnotes":""},"yoast_head":"<!-- This site is optimized with the Yoast SEO plugin v21.5 - https:\/\/yoast.com\/wordpress\/plugins\/seo\/ -->\n<title>Rozvoz - PizzaSever Martin<\/title>\n<meta name=\"robots\" content=\"index, follow, max-snippet:-1, max-image-preview:large, max-video-preview:-1\" \/>\n<link rel=\"canonical\" href=\"https:\/\/sstanginggpizza.pizzasevermartin.sk\/en\/rozvoz\/\" \/>\n<meta property=\"og:locale\" content=\"en_US\" \/>\n<meta property=\"og:type\" content=\"article\" \/>\n<meta property=\"og:title\" content=\"Rozvoz - PizzaSever Martin\" \/>\n<meta property=\"og:description\" content=\"Rozvoz Z\u00f3na 1 1x produkt v ko\u0161\u00edku z kateg\u00f3rie Pizze | Grilovan\u00e9 \u0161peciality = 1\u20ac 2x produkt v ko\u0161\u00edku z kateg\u00f3rie Pizze | Grilovan\u00e9 \u0161peciality = 0\u20ac Martin | 03601Vr\u00fatky | 03861Tom\u010dany | 03601Kol\u00f3nia Hviezda | 03861Tur\u010dianske K\u013ea\u010dany | 03861Lipovec | 03861Karva\u0161a a Bl\u00e1hovca | 03861 Z\u00f3na 2 1x produkt v ko\u0161\u00edku z kateg\u00f3rie Pizze [&hellip;]\" \/>\n<meta property=\"og:url\" content=\"https:\/\/sstanginggpizza.pizzasevermartin.sk\/en\/rozvoz\/\" \/>\n<meta property=\"og:site_name\" content=\"PizzaSever Martin\" \/>\n<meta property=\"article:publisher\" content=\"https:\/\/www.facebook.com\/PizzaSever-Martin-1988318621407259\/\" \/>\n<meta property=\"article:modified_time\" content=\"2022-01-19T02:14:20+00:00\" \/>\n<meta name=\"twitter:card\" content=\"summary_large_image\" \/>\n<meta name=\"twitter:label1\" content=\"Est. reading time\" \/>\n\t<meta name=\"twitter:data1\" content=\"2 minutes\" \/>\n<script type=\"application\/ld+json\" class=\"yoast-schema-graph\">{\"@context\":\"https:\/\/schema.org\",\"@graph\":[{\"@type\":\"WebPage\",\"@id\":\"https:\/\/sstanginggpizza.pizzasevermartin.sk\/rozvoz\/\",\"url\":\"https:\/\/sstanginggpizza.pizzasevermartin.sk\/rozvoz\/\",\"name\":\"Rozvoz - PizzaSever Martin\",\"isPartOf\":{\"@id\":\"https:\/\/sstanginggpizza.pizzasevermartin.sk\/#website\"},\"datePublished\":\"2019-10-21T23:14:55+00:00\",\"dateModified\":\"2022-01-19T02:14:20+00:00\",\"breadcrumb\":{\"@id\":\"https:\/\/sstanginggpizza.pizzasevermartin.sk\/rozvoz\/#breadcrumb\"},\"inLanguage\":\"en-US\",\"potentialAction\":[{\"@type\":\"ReadAction\",\"target\":[\"https:\/\/sstanginggpizza.pizzasevermartin.sk\/rozvoz\/\"]}]},{\"@type\":\"BreadcrumbList\",\"@id\":\"https:\/\/sstanginggpizza.pizzasevermartin.sk\/rozvoz\/#breadcrumb\",\"itemListElement\":[{\"@type\":\"ListItem\",\"position\":1,\"name\":\"Domovsk\u00e1 str\u00e1nka\",\"item\":\"https:\/\/sstanginggpizza.pizzasevermartin.sk\/\"},{\"@type\":\"ListItem\",\"position\":2,\"name\":\"Rozvoz\"}]},{\"@type\":\"WebSite\",\"@id\":\"https:\/\/sstanginggpizza.pizzasevermartin.sk\/#website\",\"url\":\"https:\/\/sstanginggpizza.pizzasevermartin.sk\/\",\"name\":\"PizzaSever Martin\",\"description\":\"\",\"publisher\":{\"@id\":\"https:\/\/sstanginggpizza.pizzasevermartin.sk\/#organization\"},\"potentialAction\":[{\"@type\":\"SearchAction\",\"target\":{\"@type\":\"EntryPoint\",\"urlTemplate\":\"https:\/\/sstanginggpizza.pizzasevermartin.sk\/?s={search_term_string}\"},\"query-input\":\"required name=search_term_string\"}],\"inLanguage\":\"en-US\"},{\"@type\":\"Organization\",\"@id\":\"https:\/\/sstanginggpizza.pizzasevermartin.sk\/#organization\",\"name\":\"PizzaSever Martin\",\"url\":\"https:\/\/sstanginggpizza.pizzasevermartin.sk\/\",\"logo\":{\"@type\":\"ImageObject\",\"inLanguage\":\"en-US\",\"@id\":\"https:\/\/sstanginggpizza.pizzasevermartin.sk\/#\/schema\/logo\/image\/\",\"url\":\"http:\/\/sstanginggpizza.pizzasevermartin.sk\/wp-content\/uploads\/2020\/03\/logo-pizzasever.png\",\"contentUrl\":\"http:\/\/sstanginggpizza.pizzasevermartin.sk\/wp-content\/uploads\/2020\/03\/logo-pizzasever.png\",\"width\":1172,\"height\":1172,\"caption\":\"PizzaSever Martin\"},\"image\":{\"@id\":\"https:\/\/sstanginggpizza.pizzasevermartin.sk\/#\/schema\/logo\/image\/\"},\"sameAs\":[\"https:\/\/www.facebook.com\/PizzaSever-Martin-1988318621407259\/\"]}]}<\/script>\n<!-- \/ Yoast SEO plugin. -->","yoast_head_json":{"title":"Rozvoz - PizzaSever Martin","robots":{"index":"index","follow":"follow","max-snippet":"max-snippet:-1","max-image-preview":"max-image-preview:large","max-video-preview":"max-video-preview:-1"},"canonical":"https:\/\/sstanginggpizza.pizzasevermartin.sk\/en\/rozvoz\/","og_locale":"en_US","og_type":"article","og_title":"Rozvoz - PizzaSever Martin","og_description":"Rozvoz Z\u00f3na 1 1x produkt v ko\u0161\u00edku z kateg\u00f3rie Pizze | Grilovan\u00e9 \u0161peciality = 1\u20ac 2x produkt v ko\u0161\u00edku z kateg\u00f3rie Pizze | Grilovan\u00e9 \u0161peciality = 0\u20ac Martin | 03601Vr\u00fatky | 03861Tom\u010dany | 03601Kol\u00f3nia Hviezda | 03861Tur\u010dianske K\u013ea\u010dany | 03861Lipovec | 03861Karva\u0161a a Bl\u00e1hovca | 03861 Z\u00f3na 2 1x produkt v ko\u0161\u00edku z kateg\u00f3rie Pizze [&hellip;]","og_url":"https:\/\/sstanginggpizza.pizzasevermartin.sk\/en\/rozvoz\/","og_site_name":"PizzaSever Martin","article_publisher":"https:\/\/www.facebook.com\/PizzaSever-Martin-1988318621407259\/","article_modified_time":"2022-01-19T02:14:20+00:00","twitter_card":"summary_large_image","twitter_misc":{"Est. reading time":"2 minutes"},"schema":{"@context":"https:\/\/schema.org","@graph":[{"@type":"WebPage","@id":"https:\/\/sstanginggpizza.pizzasevermartin.sk\/rozvoz\/","url":"https:\/\/sstanginggpizza.pizzasevermartin.sk\/rozvoz\/","name":"Rozvoz - PizzaSever Martin","isPartOf":{"@id":"https:\/\/sstanginggpizza.pizzasevermartin.sk\/#website"},"datePublished":"2019-10-21T23:14:55+00:00","dateModified":"2022-01-19T02:14:20+00:00","breadcrumb":{"@id":"https:\/\/sstanginggpizza.pizzasevermartin.sk\/rozvoz\/#breadcrumb"},"inLanguage":"en-US","potentialAction":[{"@type":"ReadAction","target":["https:\/\/sstanginggpizza.pizzasevermartin.sk\/rozvoz\/"]}]},{"@type":"BreadcrumbList","@id":"https:\/\/sstanginggpizza.pizzasevermartin.sk\/rozvoz\/#breadcrumb","itemListElement":[{"@type":"ListItem","position":1,"name":"Domovsk\u00e1 str\u00e1nka","item":"https:\/\/sstanginggpizza.pizzasevermartin.sk\/"},{"@type":"ListItem","position":2,"name":"Rozvoz"}]},{"@type":"WebSite","@id":"https:\/\/sstanginggpizza.pizzasevermartin.sk\/#website","url":"https:\/\/sstanginggpizza.pizzasevermartin.sk\/","name":"PizzaSever Martin","description":"","publisher":{"@id":"https:\/\/sstanginggpizza.pizzasevermartin.sk\/#organization"},"potentialAction":[{"@type":"SearchAction","target":{"@type":"EntryPoint","urlTemplate":"https:\/\/sstanginggpizza.pizzasevermartin.sk\/?s={search_term_string}"},"query-input":"required name=search_term_string"}],"inLanguage":"en-US"},{"@type":"Organization","@id":"https:\/\/sstanginggpizza.pizzasevermartin.sk\/#organization","name":"PizzaSever Martin","url":"https:\/\/sstanginggpizza.pizzasevermartin.sk\/","logo":{"@type":"ImageObject","inLanguage":"en-US","@id":"https:\/\/sstanginggpizza.pizzasevermartin.sk\/#\/schema\/logo\/image\/","url":"http:\/\/sstanginggpizza.pizzasevermartin.sk\/wp-content\/uploads\/2020\/03\/logo-pizzasever.png","contentUrl":"http:\/\/sstanginggpizza.pizzasevermartin.sk\/wp-content\/uploads\/2020\/03\/logo-pizzasever.png","width":1172,"height":1172,"caption":"PizzaSever Martin"},"image":{"@id":"https:\/\/sstanginggpizza.pizzasevermartin.sk\/#\/schema\/logo\/image\/"},"sameAs":["https:\/\/www.facebook.com\/PizzaSever-Martin-1988318621407259\/"]}]}},"builder_content":"<h1 style=\"text-align: center;\">Rozvoz<\/h1>\n<h2>Z\u00f3na 1<\/h2>\n<p>1x produkt v ko\u0161\u00edku z kateg\u00f3rie Pizze | Grilovan\u00e9 \u0161peciality = 1\u20ac<br \/><br \/>2x produkt v ko\u0161\u00edku z kateg\u00f3rie Pizze | Grilovan\u00e9 \u0161peciality = 0\u20ac<\/p>\n<p>Martin | 03601<br \/>Vr\u00fatky | 03861<br \/>Tom\u010dany | 03601<br \/>Kol\u00f3nia Hviezda | 03861<br \/>Tur\u010dianske K\u013ea\u010dany | 03861<br \/>Lipovec | 03861<br \/>Karva\u0161a a Bl\u00e1hovca | 03861<\/p>\n<h2>Z\u00f3na 2<\/h2>\n<p>1x produkt v ko\u0161\u00edku z kateg\u00f3rie Pizze | Grilovan\u00e9 \u0161peciality = 2\u20ac<\/p> <p>2x produkt v ko\u0161\u00edku z kateg\u00f3rie Pizze | Grilovan\u00e9 \u0161peciality = 1\u20ac<\/p>\n<p>Dr\u00e1\u017ekovce | 03802<br \/>Su\u010dany | 03852<br \/>Podhradie | 03852<br \/>Bystri\u010dka | 03804<br \/>Ko\u0161\u0165any nad Turcom | 03841<br \/>Diakov\u00e1 | 03802 <br \/>Doln\u00fd Kaln\u00edk | 03802<br \/>Horn\u00fd Kaln\u00edk | 03802<br \/>\u017dabokreky | 03840<br \/>Trebostovo | 03841<br \/>Trnovo | 03841<br \/>Tur\u010diansky Peter | 03841<br \/>Tur\u010dianske Jaseno | 03802<br \/>Horn\u00e9 Jaseno | 03802<\/p>\n<h2>Z\u00f3na 3<\/h2>\n<p>1x produkt v ko\u0161\u00edku z kateg\u00f3rie Pizze | Grilovan\u00e9 \u0161peciality = 3\u20ac<br \/><br \/>2x produkt v ko\u0161\u00edku z kateg\u00f3rie Pizze | Grilovan\u00e9 \u0161peciality = 2\u20ac<\/p>\n<p>Z\u00e1borie | 03803<br \/>Turany | 03853<br \/>Sklabi\u0148a | 03803 <br \/>Tur\u010dianska \u0160tiavni\u010dka | 03851<br \/>Sklabinsk\u00fd Podz\u00e1mok | 03803<br \/><br \/><\/p>\n<h2>Z\u00f3na 4<\/h2>\n<p>1x produkt v ko\u0161\u00edku z kateg\u00f3rie Pizze | Grilovan\u00e9 \u0161peciality = 4\u20ac<br \/><br \/>2x produkt v ko\u0161\u00edku z kateg\u00f3rie Pizze | Grilovan\u00e9 \u0161peciality = 3\u20ac<\/p>\n<p>Pr\u00edbovce | 03842<br \/>Benice | 03842<br \/>Bel\u00e1 - Dulice | 03811 <br \/>Rakovo | 03842 <br \/>\u010eanov\u00e1 | 03842<br \/>Le\u017eiachov | 03842<br \/>Folku\u0161ov\u00e1 | 03842<br \/>Necpaly | 03812<br \/>Val\u010da | 03835<br \/>Jasensk\u00e1 dolina | 22222<\/p>\n<h2>Z\u00f3na 5<\/h2>\n<p>1x produkt v ko\u0161\u00edku z kateg\u00f3rie Pizze | Grilovan\u00e9 \u0161peciality = 5\u20ac<br \/><br \/>2x produkt v ko\u0161\u00edku z kateg\u00f3rie Pizze | Grilovan\u00e9 \u0161peciality = 4\u20ac<\/p>\n<p>Nol\u010dovo | 03854<br \/>Krpe\u013eany | 03854<br \/>Ratkovo | 03854<br \/>\u0160\u00fatovo | 03854 <br \/>Snowland Val\u010da | 33333<\/p>\n<h2>Z\u00f3na 6<\/h2>\n<p>1x produkt v ko\u0161\u00edku z kateg\u00f3rie Pizze | Grilovan\u00e9 \u0161peciality = 6\u20ac<br \/><br \/>2x produkt v ko\u0161\u00edku z kateg\u00f3rie Pizze | Grilovan\u00e9 \u0161peciality = 5\u20ac<\/p>\n<p>Tur\u010diansky \u010eur | 03843<br \/>Blatnica | 03815<br \/>Socovce | 03843 <br \/>Karlov\u00e1 | 03815<br \/>Slovany | 03843<br \/>Valentov\u00e1 | 03843<br \/>Kl\u00e1\u0161tor pod Znievom | 03843<\/p>\n<h2>Z\u00f3na 7<\/h2>\n<p>1x produkt v ko\u0161\u00edku z kateg\u00f3rie Pizze | Grilovan\u00e9 \u0161peciality = 7\u20ac<br \/><br \/>2x produkt v ko\u0161\u00edku z kateg\u00f3rie Pizze | Grilovan\u00e9 \u0161peciality = 6\u20ac<\/p>\n<p>Jazernica | 03844<br \/>Mo\u0161ovce | 03821<br \/><br \/><\/p>\n<h2>Z\u00f3na 8<\/h2>\n<p>1x produkt v ko\u0161\u00edku z kateg\u00f3rie Pizze | Grilovan\u00e9 \u0161peciality = 11\u20ac<br \/><br \/>2x produkt v ko\u0161\u00edku z kateg\u00f3rie Pizze | Grilovan\u00e9 \u0161peciality = 10\u20ac<\/p>\n<p>Mal\u00fd \u010cep\u010d\u00edn | 03845<br \/>Ve\u013ek\u00fd \u010cep\u010d\u00edn | 03845<br \/>Diviaky | 03901 <br \/>Tur\u010dianske Teplice | 03901<br \/>Abramov\u00e1 | 03822<\/p>\n<h2>Z\u00f3na 9<\/h2>\n<p>1x produkt v ko\u0161\u00edku z kateg\u00f3rie Pizze | Grilovan\u00e9 \u0161peciality = 15\u20ac<br \/><br \/>2x produkt v ko\u0161\u00edku z kateg\u00f3rie Pizze | Grilovan\u00e9 \u0161peciality = 14\u20ac<\/p>\n<p>Vr\u00edcko | 03831<\/p>","_links":{"self":[{"href":"https:\/\/sstanginggpizza.pizzasevermartin.sk\/en\/wp-json\/wp\/v2\/pages\/21"}],"collection":[{"href":"https:\/\/sstanginggpizza.pizzasevermartin.sk\/en\/wp-json\/wp\/v2\/pages"}],"about":[{"href":"https:\/\/sstanginggpizza.pizzasevermartin.sk\/en\/wp-json\/wp\/v2\/types\/page"}],"author":[{"embeddable":true,"href":"https:\/\/sstanginggpizza.pizzasevermartin.sk\/en\/wp-json\/wp\/v2\/users\/1"}],"replies":[{"embeddable":true,"href":"https:\/\/sstanginggpizza.pizzasevermartin.sk\/en\/wp-json\/wp\/v2\/comments?post=21"}],"version-history":[{"count":30,"href":"https:\/\/sstanginggpizza.pizzasevermartin.sk\/en\/wp-json\/wp\/v2\/pages\/21\/revisions"}],"predecessor-version":[{"id":6618,"href":"https:\/\/sstanginggpizza.pizzasevermartin.sk\/en\/wp-json\/wp\/v2\/pages\/21\/revisions\/6618"}],"wp:attachment":[{"href":"https:\/\/sstanginggpizza.pizzasevermartin.sk\/en\/wp-json\/wp\/v2\/media?parent=21"}],"curies":[{"name":"wp","href":"https:\/\/api.w.org\/{rel}","templated":true}]}}