{"id":615,"date":"2020-07-20T02:58:52","date_gmt":"2020-07-20T00:58:52","guid":{"rendered":"https:\/\/sstanginggpizza.pizzasevermartin.sk\/?page_id=615"},"modified":"2020-07-20T03:11:51","modified_gmt":"2020-07-20T01:11:51","slug":"vseobecne-obchodne-podmienky","status":"publish","type":"page","link":"https:\/\/sstanginggpizza.pizzasevermartin.sk\/en\/vseobecne-obchodne-podmienky\/","title":{"rendered":"General terms and conditions"},"content":{"rendered":"<!--themify_builder_content-->\n<div id=\"themify_builder_content-615\" data-postid=\"615\" class=\"themify_builder_content themify_builder_content-615 themify_builder tf_clear\">\n    \t\t\t\t<!-- module_row -->\n\t\t<div  data-lazy=\"1\" class=\"module_row themify_builder_row tb_7dlx890 tb_first tf_w tf_clearfix\">\n\t\t\t\t\t<div class=\"row_inner col_align_top tb_col_count_1 tf_box tf_rel\">\n\t\t\t\t\t<div  data-lazy=\"1\" class=\"module_column tb-column col-full tb_syqg891 first\">\n\t\t\t\t\t\t\t\t\t<div class=\"tb-column-inner tf_box tf_w\">\n\t\t\t\t<!-- module text -->\n<div  class=\"module module-text tb_v50s255\" data-lazy=\"1\">\n        <div  class=\"tb_text_wrap\">\n    <p>OBJEDN\u00c1VKA<br \/>Objednanie je mo\u017en\u00e9 vykona\u0165 telefonicky, na \u010d\u00edsle +421 911 992 323, cez www.pizzasevermartin.sk alebo osobne na prev\u00e1dzke PizzaSever Martin na adrese Jilemnick\u00e9ho 4, 03601, Martin. Objedn\u00e1vka vznik\u00e1 potvrden\u00edm procesu objedn\u00e1vania telefonicky, osobne na pobo\u010dke, alebo vo formul\u00e1ri na www.pizzasevermartin.sk v\u00fdberom tovarov alebo slu\u017eieb kupuj\u00facim vr\u00e1tane kompletn\u00e9ho vyplnenia objedn\u00e1vkov\u00e9ho formul\u00e1ra. Pre korektn\u00e9 vybavenie objedn\u00e1vky je potrebn\u00e9 vyplni\u0165 spr\u00e1vne po\u017eadovan\u00e9 \u00fadaje v objedn\u00e1vke. Objedn\u00e1vky s\u00fa z\u00e1v\u00e4zn\u00e9. Objedn\u00e1vku je mo\u017en\u00e9 zru\u0161i\u0165 telefonicky na \u010d\u00edsle +421 911 992 323 alebo osobne, v pr\u00edpade, \u017ee e\u0161te nie je vyroben\u00e1, pr\u00edpadne, \u017ee nie je v \u0161t\u00e1diu v\u00fdroby. Objedn\u00e1vku je mo\u017en\u00e9 zru\u0161i\u0165 maxim\u00e1lne do 15 min\u00fat od objednania tovaru.<br \/>Prev\u00e1dzkovate\u013e si vyhradzuje pr\u00e1vo dodaciu lehotu skr\u00e1ti\u0165 alebo pred\u013a\u017ei\u0165 pod\u013ea aktu\u00e1lnej vy\u0165a\u017eenosti prev\u00e1dzky, pri\u010dom o tom informuje z\u00e1kazn\u00edka vopred pred doru\u010den\u00edm tovaru na telef\u00f3nnom \u010d\u00edsle, ktor\u00e9 z\u00e1kazn\u00edk uviedol v objedn\u00e1vke. Pred\u00e1vaj\u00faci m\u00f4\u017ee objedn\u00e1vku zru\u0161i\u0165 v pr\u00edpade, ak kupuj\u00faci uviedol o sebe ne\u00fapln\u00e9 alebo nepravdiv\u00e9 \u00fadaje v objedn\u00e1vkovom formul\u00e1ri.<br \/>Posledn\u00e9 objedn\u00e1vky prij\u00edmame najnesk\u00f4r 30 min\u00fat pred skon\u010den\u00edm otv\u00e1rac\u00edch hod\u00edn.<br \/>Otv\u00e1racie hodiny s\u00fa zverejnen\u00e9 na www.pizzasevermartin.sk<\/p>\n<p>CENA, PLATBA A DORU\u010cENIE<br \/>V\u0160ETKY CENY TOVARU A SLU\u017dIEB, S\u00da UVEDEN\u00c9 VR\u00c1TANE DPH.<br \/>Pred\u00e1vaj\u00faci je viazan\u00fd cenou vr\u00e1tane rozvozu, uvedenou na str\u00e1nke www.pizzasevermartin.sk v momente vykonania n\u00e1kupu.<br \/>Platbu je mo\u017en\u00e9 zrealizova\u0165 osobne pri prevzat\u00ed tovaru pri rozvoze, alebo na prev\u00e1dzke PizzaSever Martin (Jilemnick\u00e9ho 4, 03601, Martin), a to formou hotovosti alebo gastro l\u00edstkov.<br \/>Cena za obal sa ne\u00fa\u010dtuje<br \/>Uplatnenie akejko\u013evek akcie, je nutn\u00e9 nahl\u00e1si\u0165 pri objedn\u00e1vke telefonicky, pr\u00edpadne do pozn\u00e1mky pri online objedn\u00e1vke.<br \/>Pri doru\u010den\u00ed V\u00e1s bude telefonicky kontaktova\u0165(na Vami uveden\u00e9 telef\u00f3nne \u010d\u00edslo) n\u00e1\u0161 rozvozca v dostato\u010dnom \u010dasovom predstihu<br \/>Cena za dovoz je uveden\u00e1 na na\u0161ej str\u00e1nke v sekci\u00ed rozvoz (https:\/\/sstanginggpizza.pizzasevermartin.sk\/rozvoz\/)<\/p>\n<p>PRED\u00c1VAJ\u00daCI SA ZAV\u00c4ZUJE:<br \/>Doda\u0165 spr\u00e1vny druh a mno\u017estvo tovaru tak, ako bolo uveden\u00e9 pri objednan\u00ed, na z\u00e1klade objedn\u00e1vky kupuj\u00faceho.<br \/>Zabali\u0165 a doda\u0165 objedn\u00e1vku \u010do najsk\u00f4r, pribli\u017ene do jednej hodiny, pr\u00edpadne na \u010das uveden\u00fd z\u00e1kazn\u00edkom. V niektor\u00fdch situ\u00e1ci\u00e1ch , nie je mo\u017en\u00e9 tento \u010das doru\u010denia dodr\u017ea\u0165, a to v pr\u00edpade v\u00fdskytu nepredv\u00eddate\u013en\u00fdch okolnost\u00ed, ako napr\u00edklad hust\u00e1 prem\u00e1vka, nepriaze\u0148 po\u010dasia a pod. Za pr\u00edpadn\u00e9 me\u0161kanie, sa vopred ospravedl\u0148ujeme!<br \/>V pr\u00edpade, \u017ee objedn\u00e1vku nie je mo\u017en\u00e9 doru\u010di\u0165 , bude kupuj\u00faci kontaktovan\u00fd na dohodnutie \u010fal\u0161ieho postupu.<br \/>Vystavi\u0165 a prilo\u017ei\u0165 da\u0148ov\u00fd doklad \u2013 pokladni\u010dn\u00fd blok.<\/p>\n<p>KUPUJ\u00daCI SA ZAV\u00c4ZUJE:<br \/>Prevzia\u0165 objedn\u00e1vku a zaplati\u0165 za objednan\u00fd tovar a slu\u017eby.<\/p>\n<p>REKLAM\u00c1CIE<br \/>Reklam\u00e1cie s\u00fa vybavovan\u00e9<\/p>\n<p>Telefonicky po\u010das otv\u00e1rac\u00edch hod\u00edn na telef\u00f3nnom \u010d\u00edsle +421 911 992 323<br \/>Prostredn\u00edctvom rozvozcu PizzaSever Martin<br \/>Osobne na prev\u00e1dzke PizzaSever Martin (Jilemnick\u00e9ho 4, 03601, Martin)<\/p>\n<p>Z\u00c1RUKA<br \/>Z\u00e1ruka plat\u00ed max. 30 min. po dodan\u00ed tovaru.<br \/>Tovar je mo\u017en\u00e9 reklamova\u0165 ak nezodpoved\u00e1 kvalite a druhu objednan\u00e9ho tovaru<br \/>Pre reklam\u00e1ciu mus\u00ed by\u0165 zachovan\u00fdch 75% objemu z tovaru.<br \/>Predmetom reklam\u00e1cie pri dodan\u00ed rozvozcom PizzaSever Martin nem\u00f4\u017ee by\u0165 dodr\u017eanie v\u00fddajnej teploty.<br \/>V pr\u00edpade \u0161pecifickej reklam\u00e1cie je mo\u017en\u00e9 pri reklam\u00e1cii akceptova\u0165 menej ako 75% objemu z tovaru.<br \/>Na z\u00e1klade dohody so z\u00e1kazn\u00edkom je vykonan\u00e1 n\u00e1prava (v\u00fdmena tovaru, vr\u00e1tenie pe\u0148az\u00ed alebo in\u00e1 kompenz\u00e1cia).<\/p>\n<p>SP\u00d4SOB VYBAVENIA REKLAM\u00c1CIE<br \/>Osobne.<br \/>Prostredn\u00edctvom rozvozu<br \/>V pr\u00edpade uznania reklam\u00e1cie, V\u00e1m peniaze vr\u00e1time ihne\u010f v hotovosti<\/p>    <\/div>\n<\/div>\n<!-- \/module text -->\t\t\t\t<\/div><!-- .tb-column-inner -->\n\t\t\t\t\t\t<\/div><!-- .module_column -->\n\t\t\t\t\t\t<\/div><!-- .row_inner -->\n\t\t<\/div><!-- .module_row -->\n\t\t\t\t<\/div>\n<!--\/themify_builder_content-->","protected":false},"excerpt":{"rendered":"<p>OBJEDN\u00c1VKAObjednanie je mo\u017en\u00e9 vykona\u0165 telefonicky, na \u010d\u00edsle +421 911 992 323, cez www.pizzasevermartin.sk alebo osobne na prev\u00e1dzke PizzaSever Martin na adrese Jilemnick\u00e9ho 4, 03601, Martin. Objedn\u00e1vka vznik\u00e1 potvrden\u00edm procesu objedn\u00e1vania telefonicky, osobne na pobo\u010dke, alebo vo formul\u00e1ri na www.pizzasevermartin.sk v\u00fdberom tovarov alebo slu\u017eieb kupuj\u00facim vr\u00e1tane kompletn\u00e9ho vyplnenia objedn\u00e1vkov\u00e9ho formul\u00e1ra. Pre korektn\u00e9 vybavenie objedn\u00e1vky je potrebn\u00e9 [&hellip;]<\/p>","protected":false},"author":1,"featured_media":0,"parent":0,"menu_order":0,"comment_status":"closed","ping_status":"closed","template":"","meta":{"footnotes":""},"yoast_head":"<!-- This site is optimized with the Yoast SEO plugin v21.5 - https:\/\/yoast.com\/wordpress\/plugins\/seo\/ -->\n<title>V\u0161eobecn\u00e9 obchodn\u00e9 podmienky - PizzaSever Martin<\/title>\n<meta name=\"robots\" content=\"index, follow, max-snippet:-1, max-image-preview:large, max-video-preview:-1\" \/>\n<link rel=\"canonical\" href=\"https:\/\/sstanginggpizza.pizzasevermartin.sk\/en\/vseobecne-obchodne-podmienky\/\" \/>\n<meta property=\"og:locale\" content=\"en_US\" \/>\n<meta property=\"og:type\" content=\"article\" \/>\n<meta property=\"og:title\" content=\"V\u0161eobecn\u00e9 obchodn\u00e9 podmienky - PizzaSever Martin\" \/>\n<meta property=\"og:description\" content=\"OBJEDN\u00c1VKAObjednanie je mo\u017en\u00e9 vykona\u0165 telefonicky, na \u010d\u00edsle +421 911 992 323, cez www.pizzasevermartin.sk alebo osobne na prev\u00e1dzke PizzaSever Martin na adrese Jilemnick\u00e9ho 4, 03601, Martin. Objedn\u00e1vka vznik\u00e1 potvrden\u00edm procesu objedn\u00e1vania telefonicky, osobne na pobo\u010dke, alebo vo formul\u00e1ri na www.pizzasevermartin.sk v\u00fdberom tovarov alebo slu\u017eieb kupuj\u00facim vr\u00e1tane kompletn\u00e9ho vyplnenia objedn\u00e1vkov\u00e9ho formul\u00e1ra. Pre korektn\u00e9 vybavenie objedn\u00e1vky je potrebn\u00e9 [&hellip;]\" \/>\n<meta property=\"og:url\" content=\"https:\/\/sstanginggpizza.pizzasevermartin.sk\/en\/vseobecne-obchodne-podmienky\/\" \/>\n<meta property=\"og:site_name\" content=\"PizzaSever Martin\" \/>\n<meta property=\"article:publisher\" content=\"https:\/\/www.facebook.com\/PizzaSever-Martin-1988318621407259\/\" \/>\n<meta property=\"article:modified_time\" content=\"2020-07-20T01:11:51+00:00\" \/>\n<meta name=\"twitter:card\" content=\"summary_large_image\" \/>\n<meta name=\"twitter:label1\" content=\"Est. reading time\" \/>\n\t<meta name=\"twitter:data1\" content=\"3 minutes\" \/>\n<script type=\"application\/ld+json\" class=\"yoast-schema-graph\">{\"@context\":\"https:\/\/schema.org\",\"@graph\":[{\"@type\":\"WebPage\",\"@id\":\"https:\/\/sstanginggpizza.pizzasevermartin.sk\/en\/vseobecne-obchodne-podmienky\/\",\"url\":\"https:\/\/sstanginggpizza.pizzasevermartin.sk\/en\/vseobecne-obchodne-podmienky\/\",\"name\":\"V\u0161eobecn\u00e9 obchodn\u00e9 podmienky - PizzaSever Martin\",\"isPartOf\":{\"@id\":\"https:\/\/sstanginggpizza.pizzasevermartin.sk\/#website\"},\"datePublished\":\"2020-07-20T00:58:52+00:00\",\"dateModified\":\"2020-07-20T01:11:51+00:00\",\"breadcrumb\":{\"@id\":\"https:\/\/sstanginggpizza.pizzasevermartin.sk\/en\/vseobecne-obchodne-podmienky\/#breadcrumb\"},\"inLanguage\":\"en-US\",\"potentialAction\":[{\"@type\":\"ReadAction\",\"target\":[\"https:\/\/sstanginggpizza.pizzasevermartin.sk\/en\/vseobecne-obchodne-podmienky\/\"]}]},{\"@type\":\"BreadcrumbList\",\"@id\":\"https:\/\/sstanginggpizza.pizzasevermartin.sk\/en\/vseobecne-obchodne-podmienky\/#breadcrumb\",\"itemListElement\":[{\"@type\":\"ListItem\",\"position\":1,\"name\":\"Domovsk\u00e1 str\u00e1nka\",\"item\":\"https:\/\/sstanginggpizza.pizzasevermartin.sk\/\"},{\"@type\":\"ListItem\",\"position\":2,\"name\":\"V\u0161eobecn\u00e9 obchodn\u00e9 podmienky\"}]},{\"@type\":\"WebSite\",\"@id\":\"https:\/\/sstanginggpizza.pizzasevermartin.sk\/#website\",\"url\":\"https:\/\/sstanginggpizza.pizzasevermartin.sk\/\",\"name\":\"PizzaSever Martin\",\"description\":\"\",\"publisher\":{\"@id\":\"https:\/\/sstanginggpizza.pizzasevermartin.sk\/#organization\"},\"potentialAction\":[{\"@type\":\"SearchAction\",\"target\":{\"@type\":\"EntryPoint\",\"urlTemplate\":\"https:\/\/sstanginggpizza.pizzasevermartin.sk\/?s={search_term_string}\"},\"query-input\":\"required name=search_term_string\"}],\"inLanguage\":\"en-US\"},{\"@type\":\"Organization\",\"@id\":\"https:\/\/sstanginggpizza.pizzasevermartin.sk\/#organization\",\"name\":\"PizzaSever Martin\",\"url\":\"https:\/\/sstanginggpizza.pizzasevermartin.sk\/\",\"logo\":{\"@type\":\"ImageObject\",\"inLanguage\":\"en-US\",\"@id\":\"https:\/\/sstanginggpizza.pizzasevermartin.sk\/#\/schema\/logo\/image\/\",\"url\":\"http:\/\/sstanginggpizza.pizzasevermartin.sk\/wp-content\/uploads\/2020\/03\/logo-pizzasever.png\",\"contentUrl\":\"http:\/\/sstanginggpizza.pizzasevermartin.sk\/wp-content\/uploads\/2020\/03\/logo-pizzasever.png\",\"width\":1172,\"height\":1172,\"caption\":\"PizzaSever Martin\"},\"image\":{\"@id\":\"https:\/\/sstanginggpizza.pizzasevermartin.sk\/#\/schema\/logo\/image\/\"},\"sameAs\":[\"https:\/\/www.facebook.com\/PizzaSever-Martin-1988318621407259\/\"]}]}<\/script>\n<!-- \/ Yoast SEO plugin. -->","yoast_head_json":{"title":"V\u0161eobecn\u00e9 obchodn\u00e9 podmienky - PizzaSever Martin","robots":{"index":"index","follow":"follow","max-snippet":"max-snippet:-1","max-image-preview":"max-image-preview:large","max-video-preview":"max-video-preview:-1"},"canonical":"https:\/\/sstanginggpizza.pizzasevermartin.sk\/en\/vseobecne-obchodne-podmienky\/","og_locale":"en_US","og_type":"article","og_title":"V\u0161eobecn\u00e9 obchodn\u00e9 podmienky - PizzaSever Martin","og_description":"OBJEDN\u00c1VKAObjednanie je mo\u017en\u00e9 vykona\u0165 telefonicky, na \u010d\u00edsle +421 911 992 323, cez www.pizzasevermartin.sk alebo osobne na prev\u00e1dzke PizzaSever Martin na adrese Jilemnick\u00e9ho 4, 03601, Martin. Objedn\u00e1vka vznik\u00e1 potvrden\u00edm procesu objedn\u00e1vania telefonicky, osobne na pobo\u010dke, alebo vo formul\u00e1ri na www.pizzasevermartin.sk v\u00fdberom tovarov alebo slu\u017eieb kupuj\u00facim vr\u00e1tane kompletn\u00e9ho vyplnenia objedn\u00e1vkov\u00e9ho formul\u00e1ra. Pre korektn\u00e9 vybavenie objedn\u00e1vky je potrebn\u00e9 [&hellip;]","og_url":"https:\/\/sstanginggpizza.pizzasevermartin.sk\/en\/vseobecne-obchodne-podmienky\/","og_site_name":"PizzaSever Martin","article_publisher":"https:\/\/www.facebook.com\/PizzaSever-Martin-1988318621407259\/","article_modified_time":"2020-07-20T01:11:51+00:00","twitter_card":"summary_large_image","twitter_misc":{"Est. reading time":"3 minutes"},"schema":{"@context":"https:\/\/schema.org","@graph":[{"@type":"WebPage","@id":"https:\/\/sstanginggpizza.pizzasevermartin.sk\/en\/vseobecne-obchodne-podmienky\/","url":"https:\/\/sstanginggpizza.pizzasevermartin.sk\/en\/vseobecne-obchodne-podmienky\/","name":"V\u0161eobecn\u00e9 obchodn\u00e9 podmienky - PizzaSever Martin","isPartOf":{"@id":"https:\/\/sstanginggpizza.pizzasevermartin.sk\/#website"},"datePublished":"2020-07-20T00:58:52+00:00","dateModified":"2020-07-20T01:11:51+00:00","breadcrumb":{"@id":"https:\/\/sstanginggpizza.pizzasevermartin.sk\/en\/vseobecne-obchodne-podmienky\/#breadcrumb"},"inLanguage":"en-US","potentialAction":[{"@type":"ReadAction","target":["https:\/\/sstanginggpizza.pizzasevermartin.sk\/en\/vseobecne-obchodne-podmienky\/"]}]},{"@type":"BreadcrumbList","@id":"https:\/\/sstanginggpizza.pizzasevermartin.sk\/en\/vseobecne-obchodne-podmienky\/#breadcrumb","itemListElement":[{"@type":"ListItem","position":1,"name":"Domovsk\u00e1 str\u00e1nka","item":"https:\/\/sstanginggpizza.pizzasevermartin.sk\/"},{"@type":"ListItem","position":2,"name":"V\u0161eobecn\u00e9 obchodn\u00e9 podmienky"}]},{"@type":"WebSite","@id":"https:\/\/sstanginggpizza.pizzasevermartin.sk\/#website","url":"https:\/\/sstanginggpizza.pizzasevermartin.sk\/","name":"PizzaSever Martin","description":"","publisher":{"@id":"https:\/\/sstanginggpizza.pizzasevermartin.sk\/#organization"},"potentialAction":[{"@type":"SearchAction","target":{"@type":"EntryPoint","urlTemplate":"https:\/\/sstanginggpizza.pizzasevermartin.sk\/?s={search_term_string}"},"query-input":"required name=search_term_string"}],"inLanguage":"en-US"},{"@type":"Organization","@id":"https:\/\/sstanginggpizza.pizzasevermartin.sk\/#organization","name":"PizzaSever Martin","url":"https:\/\/sstanginggpizza.pizzasevermartin.sk\/","logo":{"@type":"ImageObject","inLanguage":"en-US","@id":"https:\/\/sstanginggpizza.pizzasevermartin.sk\/#\/schema\/logo\/image\/","url":"http:\/\/sstanginggpizza.pizzasevermartin.sk\/wp-content\/uploads\/2020\/03\/logo-pizzasever.png","contentUrl":"http:\/\/sstanginggpizza.pizzasevermartin.sk\/wp-content\/uploads\/2020\/03\/logo-pizzasever.png","width":1172,"height":1172,"caption":"PizzaSever Martin"},"image":{"@id":"https:\/\/sstanginggpizza.pizzasevermartin.sk\/#\/schema\/logo\/image\/"},"sameAs":["https:\/\/www.facebook.com\/PizzaSever-Martin-1988318621407259\/"]}]}},"builder_content":"<p>OBJEDN\u00c1VKA<br \/>Objednanie je mo\u017en\u00e9 vykona\u0165 telefonicky, na \u010d\u00edsle +421 911 992 323, cez www.pizzasevermartin.sk alebo osobne na prev\u00e1dzke PizzaSever Martin na adrese Jilemnick\u00e9ho 4, 03601, Martin. Objedn\u00e1vka vznik\u00e1 potvrden\u00edm procesu objedn\u00e1vania telefonicky, osobne na pobo\u010dke, alebo vo formul\u00e1ri na www.pizzasevermartin.sk v\u00fdberom tovarov alebo slu\u017eieb kupuj\u00facim vr\u00e1tane kompletn\u00e9ho vyplnenia objedn\u00e1vkov\u00e9ho formul\u00e1ra. Pre korektn\u00e9 vybavenie objedn\u00e1vky je potrebn\u00e9 vyplni\u0165 spr\u00e1vne po\u017eadovan\u00e9 \u00fadaje v objedn\u00e1vke. Objedn\u00e1vky s\u00fa z\u00e1v\u00e4zn\u00e9. Objedn\u00e1vku je mo\u017en\u00e9 zru\u0161i\u0165 telefonicky na \u010d\u00edsle +421 911 992 323 alebo osobne, v pr\u00edpade, \u017ee e\u0161te nie je vyroben\u00e1, pr\u00edpadne, \u017ee nie je v \u0161t\u00e1diu v\u00fdroby. Objedn\u00e1vku je mo\u017en\u00e9 zru\u0161i\u0165 maxim\u00e1lne do 15 min\u00fat od objednania tovaru.<br \/>Prev\u00e1dzkovate\u013e si vyhradzuje pr\u00e1vo dodaciu lehotu skr\u00e1ti\u0165 alebo pred\u013a\u017ei\u0165 pod\u013ea aktu\u00e1lnej vy\u0165a\u017eenosti prev\u00e1dzky, pri\u010dom o tom informuje z\u00e1kazn\u00edka vopred pred doru\u010den\u00edm tovaru na telef\u00f3nnom \u010d\u00edsle, ktor\u00e9 z\u00e1kazn\u00edk uviedol v objedn\u00e1vke. Pred\u00e1vaj\u00faci m\u00f4\u017ee objedn\u00e1vku zru\u0161i\u0165 v pr\u00edpade, ak kupuj\u00faci uviedol o sebe ne\u00fapln\u00e9 alebo nepravdiv\u00e9 \u00fadaje v objedn\u00e1vkovom formul\u00e1ri.<br \/>Posledn\u00e9 objedn\u00e1vky prij\u00edmame najnesk\u00f4r 30 min\u00fat pred skon\u010den\u00edm otv\u00e1rac\u00edch hod\u00edn.<br \/>Otv\u00e1racie hodiny s\u00fa zverejnen\u00e9 na www.pizzasevermartin.sk<\/p> <p>CENA, PLATBA A DORU\u010cENIE<br \/>V\u0160ETKY CENY TOVARU A SLU\u017dIEB, S\u00da UVEDEN\u00c9 VR\u00c1TANE DPH.<br \/>Pred\u00e1vaj\u00faci je viazan\u00fd cenou vr\u00e1tane rozvozu, uvedenou na str\u00e1nke www.pizzasevermartin.sk v momente vykonania n\u00e1kupu.<br \/>Platbu je mo\u017en\u00e9 zrealizova\u0165 osobne pri prevzat\u00ed tovaru pri rozvoze, alebo na prev\u00e1dzke PizzaSever Martin (Jilemnick\u00e9ho 4, 03601, Martin), a to formou hotovosti alebo gastro l\u00edstkov.<br \/>Cena za obal sa ne\u00fa\u010dtuje<br \/>Uplatnenie akejko\u013evek akcie, je nutn\u00e9 nahl\u00e1si\u0165 pri objedn\u00e1vke telefonicky, pr\u00edpadne do pozn\u00e1mky pri online objedn\u00e1vke.<br \/>Pri doru\u010den\u00ed V\u00e1s bude telefonicky kontaktova\u0165(na Vami uveden\u00e9 telef\u00f3nne \u010d\u00edslo) n\u00e1\u0161 rozvozca v dostato\u010dnom \u010dasovom predstihu<br \/>Cena za dovoz je uveden\u00e1 na na\u0161ej str\u00e1nke v sekci\u00ed rozvoz (https:\/\/sstanginggpizza.pizzasevermartin.sk\/rozvoz\/)<\/p> <p>PRED\u00c1VAJ\u00daCI SA ZAV\u00c4ZUJE:<br \/>Doda\u0165 spr\u00e1vny druh a mno\u017estvo tovaru tak, ako bolo uveden\u00e9 pri objednan\u00ed, na z\u00e1klade objedn\u00e1vky kupuj\u00faceho.<br \/>Zabali\u0165 a doda\u0165 objedn\u00e1vku \u010do najsk\u00f4r, pribli\u017ene do jednej hodiny, pr\u00edpadne na \u010das uveden\u00fd z\u00e1kazn\u00edkom. V niektor\u00fdch situ\u00e1ci\u00e1ch , nie je mo\u017en\u00e9 tento \u010das doru\u010denia dodr\u017ea\u0165, a to v pr\u00edpade v\u00fdskytu nepredv\u00eddate\u013en\u00fdch okolnost\u00ed, ako napr\u00edklad hust\u00e1 prem\u00e1vka, nepriaze\u0148 po\u010dasia a pod. Za pr\u00edpadn\u00e9 me\u0161kanie, sa vopred ospravedl\u0148ujeme!<br \/>V pr\u00edpade, \u017ee objedn\u00e1vku nie je mo\u017en\u00e9 doru\u010di\u0165 , bude kupuj\u00faci kontaktovan\u00fd na dohodnutie \u010fal\u0161ieho postupu.<br \/>Vystavi\u0165 a prilo\u017ei\u0165 da\u0148ov\u00fd doklad \u2013 pokladni\u010dn\u00fd blok.<\/p> <p>KUPUJ\u00daCI SA ZAV\u00c4ZUJE:<br \/>Prevzia\u0165 objedn\u00e1vku a zaplati\u0165 za objednan\u00fd tovar a slu\u017eby.<\/p> <p>REKLAM\u00c1CIE<br \/>Reklam\u00e1cie s\u00fa vybavovan\u00e9<\/p> <p>Telefonicky po\u010das otv\u00e1rac\u00edch hod\u00edn na telef\u00f3nnom \u010d\u00edsle +421 911 992 323<br \/>Prostredn\u00edctvom rozvozcu PizzaSever Martin<br \/>Osobne na prev\u00e1dzke PizzaSever Martin (Jilemnick\u00e9ho 4, 03601, Martin)<\/p> <p>Z\u00c1RUKA<br \/>Z\u00e1ruka plat\u00ed max. 30 min. po dodan\u00ed tovaru.<br \/>Tovar je mo\u017en\u00e9 reklamova\u0165 ak nezodpoved\u00e1 kvalite a druhu objednan\u00e9ho tovaru<br \/>Pre reklam\u00e1ciu mus\u00ed by\u0165 zachovan\u00fdch 75% objemu z tovaru.<br \/>Predmetom reklam\u00e1cie pri dodan\u00ed rozvozcom PizzaSever Martin nem\u00f4\u017ee by\u0165 dodr\u017eanie v\u00fddajnej teploty.<br \/>V pr\u00edpade \u0161pecifickej reklam\u00e1cie je mo\u017en\u00e9 pri reklam\u00e1cii akceptova\u0165 menej ako 75% objemu z tovaru.<br \/>Na z\u00e1klade dohody so z\u00e1kazn\u00edkom je vykonan\u00e1 n\u00e1prava (v\u00fdmena tovaru, vr\u00e1tenie pe\u0148az\u00ed alebo in\u00e1 kompenz\u00e1cia).<\/p> <p>SP\u00d4SOB VYBAVENIA REKLAM\u00c1CIE<br \/>Osobne.<br \/>Prostredn\u00edctvom rozvozu<br \/>V pr\u00edpade uznania reklam\u00e1cie, V\u00e1m peniaze vr\u00e1time ihne\u010f v hotovosti<\/p>","_links":{"self":[{"href":"https:\/\/sstanginggpizza.pizzasevermartin.sk\/en\/wp-json\/wp\/v2\/pages\/615"}],"collection":[{"href":"https:\/\/sstanginggpizza.pizzasevermartin.sk\/en\/wp-json\/wp\/v2\/pages"}],"about":[{"href":"https:\/\/sstanginggpizza.pizzasevermartin.sk\/en\/wp-json\/wp\/v2\/types\/page"}],"author":[{"embeddable":true,"href":"https:\/\/sstanginggpizza.pizzasevermartin.sk\/en\/wp-json\/wp\/v2\/users\/1"}],"replies":[{"embeddable":true,"href":"https:\/\/sstanginggpizza.pizzasevermartin.sk\/en\/wp-json\/wp\/v2\/comments?post=615"}],"version-history":[{"count":2,"href":"https:\/\/sstanginggpizza.pizzasevermartin.sk\/en\/wp-json\/wp\/v2\/pages\/615\/revisions"}],"predecessor-version":[{"id":620,"href":"https:\/\/sstanginggpizza.pizzasevermartin.sk\/en\/wp-json\/wp\/v2\/pages\/615\/revisions\/620"}],"wp:attachment":[{"href":"https:\/\/sstanginggpizza.pizzasevermartin.sk\/en\/wp-json\/wp\/v2\/media?parent=615"}],"curies":[{"name":"wp","href":"https:\/\/api.w.org\/{rel}","templated":true}]}}