{"id":617,"date":"2020-07-20T02:59:29","date_gmt":"2020-07-20T00:59:29","guid":{"rendered":"https:\/\/sstanginggpizza.pizzasevermartin.sk\/?page_id=617"},"modified":"2024-04-09T00:11:39","modified_gmt":"2024-04-08T22:11:39","slug":"ochrana-osobnych-udajov","status":"publish","type":"page","link":"https:\/\/sstanginggpizza.pizzasevermartin.sk\/en\/ochrana-osobnych-udajov\/","title":{"rendered":"Privacy"},"content":{"rendered":"<!--themify_builder_content-->\n<div id=\"themify_builder_content-617\" data-postid=\"617\" class=\"themify_builder_content themify_builder_content-617 themify_builder tf_clear\">\n    \t\t\t\t<!-- module_row -->\n\t\t<div  data-lazy=\"1\" class=\"module_row themify_builder_row tb_awap343 tb_first tf_w tf_clearfix\">\n\t\t\t\t\t<div class=\"row_inner col_align_top tb_col_count_1 tf_box tf_rel\">\n\t\t\t\t\t<div  data-lazy=\"1\" class=\"module_column tb-column col-full tb_ynip344 first\">\n\t\t\t\t\t\t\t\t\t<div class=\"tb-column-inner tf_box tf_w\">\n\t\t\t\t<!-- module text -->\n<div  class=\"module module-text tb_2h5p315\" data-lazy=\"1\">\n        <div  class=\"tb_text_wrap\">\n    <p>Inform\u00e1cie o ochrane fyzick\u00fdch os\u00f4b v s\u00favislosti so spracovan\u00edm osobn\u00fdch \u00fadajov a o vo\u013enom pohybe t\u00fdchto \u00fadajov (\u010falej len: \u201eGDPR\u201d)<\/p>\n<p>Z\u00c1KLADN\u00c9 USTANOVENIE<br \/>Spr\u00e1vcom osobn\u00fdch \u00fadajov pod\u013ea \u010dl. 4 bod 7 nariadenia Eur\u00f3pskeho parlamentu a Rady (EU) 2016\/679 o ochrane fyzick\u00fdch os\u00f4b v s\u00favislosti so spracovan\u00edm osobn\u00fdch \u00fadajov a o vo\u013enom pohybe t\u00fdchto \u00fadajov (\u010falej len: \u201eGDPR\u201d) je M\u00e1rio Mr\u00e1z., S\u00eddlo: Jilemnick\u00e9ho 4007\/53 Martin 036 01.<br \/>(\u010falej len: \u201espr\u00e1vca\u201c).<br \/>Kontaktn\u00e9 \u00fadaje spr\u00e1vcu:<br \/>kore\u0161ponden\u010dn\u00e1 adresa: M\u00e1rio Mr\u00e1z., S\u00eddlo: Jilemnick\u00e9ho 4007\/53 Martin 036 01 ,tel.: +421 911 992 323, info@sstanginggpizza.pizzasevermartin.sk<br \/>Osobn\u00fdmi \u00fadajmi sa rozumej\u00fa v\u0161etky inform\u00e1cie o identifikovanej alebo identifikovate\u013enej fyzickej osobe; identifikovate\u013enou fyzickou osobou je fyzick\u00e1 osoba, ktor\u00fa mo\u017eno priamo \u010di nepriamo identifikova\u0165, najm\u00e4 odkazom na ur\u010dit\u00fd identifik\u00e1tor, napr\u00edklad meno, identifika\u010dn\u00e9 \u010d\u00edslo, lokaliza\u010dn\u00e9 \u00fadaje, sie\u0165ov\u00fd identifik\u00e1tor alebo na jeden \u010di viacej zvl\u00e1\u0161tnych prvkov fyzickej, fyziologickej, genetickej, psychickej, ekonomickej, kult\u00farnej alebo spolo\u010denskej identity tejto fyzickej osoby.<br \/>Spr\u00e1vca nevymenoval poverenca pre ochranu osobn\u00fdch \u00fadajov (nako\u013eko rozsah a povaha spracov\u00e1van\u00fdch osobn\u00fdch \u00fadajov si to nevy\u017eaduje).<\/p>\n<p>ZDROJE A KATEG\u00d3RIE SPRACOV\u00c1VAN\u00ddCH OSOBN\u00ddCH \u00daDAJOV<br \/>Spr\u00e1vca spracov\u00e1va osobn\u00e9 \u00fadaje, ktor\u00e9 ste mu poskytli alebo osobn\u00e9 \u00fadaje, ktor\u00e9 spr\u00e1vca z\u00edskal na z\u00e1klade plnenia Va\u0161ej objedn\u00e1vky.<br \/>Spr\u00e1vca spracov\u00e1va Va\u0161e identifika\u010dn\u00e9 a kontaktn\u00e9 \u00fadaje a \u00fadaje nevyhnutn\u00e9 pre plnenie objedn\u00e1vky.<\/p>\n<p>Z\u00c1KONN\u00dd D\u00d4VOD A \u00da\u010cEL SPRACOVANIA OSOBN\u00ddCH \u00daDAJOV<br \/>Z\u00e1konn\u00fdm d\u00f4vodom spracovania osobn\u00fdch \u00fadajov je opr\u00e1vnen\u00fd z\u00e1ujem spr\u00e1vcu na poskytovan\u00ed priameho marketingu (najm\u00e4 pre zasielanie obchodn\u00fdch inform\u00e1ci\u00ed \/ newsletterov) pod\u013ea \u010dl. 6 ods. 1 p\u00edsm. f) GDPR,<br \/>\u00da\u010delom spracovania osobn\u00fdch \u00fadajov je zasielanie obchodn\u00fdch inform\u00e1ci\u00ed a uskuto\u010d\u0148ovanie \u010fal\u0161\u00edch marketingov\u00fdch aktiv\u00edt.<br \/>Zo strany spr\u00e1vcu nedoch\u00e1dza k automatizovan\u00e9mu individu\u00e1lnemu rozhodovaniu v zmysle \u010dl. 22 GDPR.<\/p>\n<p>DOBA UCHOV\u00c1VANIA \u00daDAJOV<br \/>Spr\u00e1vca uchov\u00e1va osobn\u00e9 \u00fadaje po dobu, ne\u017e je odvolan\u00fd s\u00fahlas so spracovan\u00edm osobn\u00fdch \u00fadajov pre \u00fa\u010dely marketingu, najdlh\u0161ie10 rokov v pr\u00edpade, \u017ee s\u00fa osobn\u00e9 \u00fadaje spracov\u00e1van\u00e9 na z\u00e1klade V\u00e1\u0161ho s\u00fahlasu. V pr\u00edpade, \u017ee chcete zru\u0161i\u0165 svoj s\u00fahlas na zasielanie newsletterov z n\u00e1\u0161ho e-shopu nap\u00ed\u0161te n\u00e1m na adresu info@sstanginggpizza.pizzasevermartin.sk a spr\u00e1vca Va\u0161u adresu bezodkladne vyma\u017ee.<br \/>Po uplynut\u00ed doby uchov\u00e1vania osobn\u00fdch \u00fadajov spr\u00e1vca osobn\u00e9 \u00fadaje vyma\u017ee.<\/p>\n<p><br \/>PR\u00cdJEMCOVIA OSOBN\u00ddCH \u00daDAJOV (SUBDOD\u00c1VATELIA SPR\u00c1VCU)<br \/>Pr\u00edjemcovia osobn\u00fdch \u00fadajov s\u00fa osoby:<br \/>\u2022 zais\u0165uj\u00face slu\u017eby prev\u00e1dzky e-shopu a \u010fal\u0161ie slu\u017eby v s\u00favislosti s prev\u00e1dzkovan\u00edm e-shopu,<br \/>\u2022 zais\u0165uj\u00face marketingov\u00e9 slu\u017eby (zasielanie newsletterov).<br \/>Spr\u00e1vca nem\u00e1 v \u00famysle odovzda\u0165 osobn\u00e9 \u00fadaje do tretej krajiny (do krajiny mimo EU) alebo medzin\u00e1rodnej organiz\u00e1cii.<\/p>\n<p>VA\u0160E PR\u00c1VA<br \/>V podmienkach stanoven\u00fdch v GDPR m\u00e1te pr\u00e1vo:<br \/>\u2022 na pr\u00edstup k svoj\u00edm osobn\u00fdm \u00fadajom pod\u013ea \u010dl. 15 GDPR,<br \/>\u2022 na opravu osobn\u00fdch \u00fadajov pod\u013ea \u010dl. 16 GDPR, pr\u00edpadne obmedzenie spracovania pod\u013ea \u010dl. 18 GDPR.<br \/>\u2022 na v\u00fdmaz osobn\u00fdch \u00fadajov pod\u013ea \u010dl. 17 GDPR.<br \/>\u2022 vznies\u0165 n\u00e1mietku proti spracovaniu pod\u013ea \u010dl. 21 GDPR a<br \/>\u2022 na prenosite\u013enos\u0165 osobn\u00fdch \u00fadajov pod\u013ea \u010dl. 20 GDPR.<br \/>\u2022 odvola\u0165 s\u00fahlas so spracovan\u00edm p\u00edsomne alebo elektronicky na adresu alebo e-mail spr\u00e1vcu uveden\u00fd v \u010dl. III t\u00fdchto podmienok.<br \/>\u010ealej m\u00e1te pr\u00e1vo poda\u0165 s\u0165a\u017enos\u0165 na \u00darad pre ochranu osobn\u00fdch \u00fadajov v pr\u00edpade, \u017ee sa domnievate, \u017ee bolo poru\u0161en\u00e9 Va\u0161e pr\u00e1vo na ochranu osobn\u00fdch \u00fadajov.<\/p>\n<p>PODMIENKY ZABEZPE\u010cENIA OSOBN\u00ddCH \u00daDAJOV<br \/>Spr\u00e1vca prehlasuje, \u017ee prijal v\u0161etky vhodn\u00e9 technick\u00e9 a organiza\u010dn\u00e9 opatrenia k zabezpe\u010deniu osobn\u00fdch \u00fadajov.<br \/>Spr\u00e1vca prehlasuje, \u017ee k osobn\u00fdm \u00fadajom maj\u00fa pr\u00edstup len n\u00edm poveren\u00e9 osoby.<\/p>\n<p>Z\u00c1VERE\u010cN\u00c9 USTANOVENIA<br \/>S t\u00fdmito podmienkami s\u00fahlas\u00edte za\u0161krtnut\u00edm s\u00fahlasu prostredn\u00edctvom internetov\u00e9ho formul\u00e1ra. Za\u0161krtnut\u00edm s\u00fahlasu potvrdzujete, \u017ee ste obozn\u00e1men\u00fd s podmienkami ochrany osobn\u00fdch \u00fadajov a \u017ee ich v celom rozsahu prij\u00edmate.<br \/>Spr\u00e1vca je opr\u00e1vnen\u00fd tieto podmienky zmeni\u0165. Nov\u00fa verziu podmienok ochrany osobn\u00fdch \u00fadajov zverejn\u00ed na svojich internetov\u00fdch str\u00e1nkach a z\u00e1rove\u0148 V\u00e1m po\u0161le nov\u00fa verziu t\u00fdchto podmienok na Va\u0161u e-mailov\u00fa adresu, ktor\u00fa ste spr\u00e1vcovi poskytli.<\/p>    <\/div>\n<\/div>\n<!-- \/module text -->\t\t\t\t<\/div><!-- .tb-column-inner -->\n\t\t\t\t\t\t<\/div><!-- .module_column -->\n\t\t\t\t\t\t<\/div><!-- .row_inner -->\n\t\t<\/div><!-- .module_row -->\n\t\t\t\t<\/div>\n<!--\/themify_builder_content-->","protected":false},"excerpt":{"rendered":"<p>Inform\u00e1cie o ochrane fyzick\u00fdch os\u00f4b v s\u00favislosti so spracovan\u00edm osobn\u00fdch \u00fadajov a o vo\u013enom pohybe t\u00fdchto \u00fadajov (\u010falej len: \u201eGDPR\u201d) Z\u00c1KLADN\u00c9 USTANOVENIESpr\u00e1vcom osobn\u00fdch \u00fadajov pod\u013ea \u010dl. 4 bod 7 nariadenia Eur\u00f3pskeho parlamentu a Rady (EU) 2016\/679 o ochrane fyzick\u00fdch os\u00f4b v s\u00favislosti so spracovan\u00edm osobn\u00fdch \u00fadajov a o vo\u013enom pohybe t\u00fdchto \u00fadajov (\u010falej len: \u201eGDPR\u201d) [&hellip;]<\/p>","protected":false},"author":1,"featured_media":0,"parent":0,"menu_order":0,"comment_status":"closed","ping_status":"closed","template":"","meta":{"footnotes":""},"yoast_head":"<!-- This site is optimized with the Yoast SEO plugin v21.5 - https:\/\/yoast.com\/wordpress\/plugins\/seo\/ -->\n<title>Ochrana osobn\u00fdch \u00fadajov - PizzaSever Martin<\/title>\n<meta name=\"robots\" content=\"index, follow, max-snippet:-1, max-image-preview:large, max-video-preview:-1\" \/>\n<link rel=\"canonical\" href=\"https:\/\/sstanginggpizza.pizzasevermartin.sk\/en\/ochrana-osobnych-udajov\/\" \/>\n<meta property=\"og:locale\" content=\"en_US\" \/>\n<meta property=\"og:type\" content=\"article\" \/>\n<meta property=\"og:title\" content=\"Ochrana osobn\u00fdch \u00fadajov - PizzaSever Martin\" \/>\n<meta property=\"og:description\" content=\"Inform\u00e1cie o ochrane fyzick\u00fdch os\u00f4b v s\u00favislosti so spracovan\u00edm osobn\u00fdch \u00fadajov a o vo\u013enom pohybe t\u00fdchto \u00fadajov (\u010falej len: \u201eGDPR\u201d) Z\u00c1KLADN\u00c9 USTANOVENIESpr\u00e1vcom osobn\u00fdch \u00fadajov pod\u013ea \u010dl. 4 bod 7 nariadenia Eur\u00f3pskeho parlamentu a Rady (EU) 2016\/679 o ochrane fyzick\u00fdch os\u00f4b v s\u00favislosti so spracovan\u00edm osobn\u00fdch \u00fadajov a o vo\u013enom pohybe t\u00fdchto \u00fadajov (\u010falej len: \u201eGDPR\u201d) [&hellip;]\" \/>\n<meta property=\"og:url\" content=\"https:\/\/sstanginggpizza.pizzasevermartin.sk\/en\/ochrana-osobnych-udajov\/\" \/>\n<meta property=\"og:site_name\" content=\"PizzaSever Martin\" \/>\n<meta property=\"article:publisher\" content=\"https:\/\/www.facebook.com\/PizzaSever-Martin-1988318621407259\/\" \/>\n<meta property=\"article:modified_time\" content=\"2024-04-08T22:11:39+00:00\" \/>\n<meta name=\"twitter:card\" content=\"summary_large_image\" \/>\n<meta name=\"twitter:label1\" content=\"Est. reading time\" \/>\n\t<meta name=\"twitter:data1\" content=\"4 minutes\" \/>\n<script type=\"application\/ld+json\" class=\"yoast-schema-graph\">{\"@context\":\"https:\/\/schema.org\",\"@graph\":[{\"@type\":\"WebPage\",\"@id\":\"https:\/\/sstanginggpizza.pizzasevermartin.sk\/ochrana-osobnych-udajov\/\",\"url\":\"https:\/\/sstanginggpizza.pizzasevermartin.sk\/ochrana-osobnych-udajov\/\",\"name\":\"Ochrana osobn\u00fdch \u00fadajov - PizzaSever Martin\",\"isPartOf\":{\"@id\":\"https:\/\/sstanginggpizza.pizzasevermartin.sk\/#website\"},\"datePublished\":\"2020-07-20T00:59:29+00:00\",\"dateModified\":\"2024-04-08T22:11:39+00:00\",\"breadcrumb\":{\"@id\":\"https:\/\/sstanginggpizza.pizzasevermartin.sk\/ochrana-osobnych-udajov\/#breadcrumb\"},\"inLanguage\":\"en-US\",\"potentialAction\":[{\"@type\":\"ReadAction\",\"target\":[\"https:\/\/sstanginggpizza.pizzasevermartin.sk\/ochrana-osobnych-udajov\/\"]}]},{\"@type\":\"BreadcrumbList\",\"@id\":\"https:\/\/sstanginggpizza.pizzasevermartin.sk\/ochrana-osobnych-udajov\/#breadcrumb\",\"itemListElement\":[{\"@type\":\"ListItem\",\"position\":1,\"name\":\"Domovsk\u00e1 str\u00e1nka\",\"item\":\"https:\/\/sstanginggpizza.pizzasevermartin.sk\/\"},{\"@type\":\"ListItem\",\"position\":2,\"name\":\"Ochrana osobn\u00fdch \u00fadajov\"}]},{\"@type\":\"WebSite\",\"@id\":\"https:\/\/sstanginggpizza.pizzasevermartin.sk\/#website\",\"url\":\"https:\/\/sstanginggpizza.pizzasevermartin.sk\/\",\"name\":\"PizzaSever Martin\",\"description\":\"\",\"publisher\":{\"@id\":\"https:\/\/sstanginggpizza.pizzasevermartin.sk\/#organization\"},\"potentialAction\":[{\"@type\":\"SearchAction\",\"target\":{\"@type\":\"EntryPoint\",\"urlTemplate\":\"https:\/\/sstanginggpizza.pizzasevermartin.sk\/?s={search_term_string}\"},\"query-input\":\"required name=search_term_string\"}],\"inLanguage\":\"en-US\"},{\"@type\":\"Organization\",\"@id\":\"https:\/\/sstanginggpizza.pizzasevermartin.sk\/#organization\",\"name\":\"PizzaSever Martin\",\"url\":\"https:\/\/sstanginggpizza.pizzasevermartin.sk\/\",\"logo\":{\"@type\":\"ImageObject\",\"inLanguage\":\"en-US\",\"@id\":\"https:\/\/sstanginggpizza.pizzasevermartin.sk\/#\/schema\/logo\/image\/\",\"url\":\"http:\/\/sstanginggpizza.pizzasevermartin.sk\/wp-content\/uploads\/2020\/03\/logo-pizzasever.png\",\"contentUrl\":\"http:\/\/sstanginggpizza.pizzasevermartin.sk\/wp-content\/uploads\/2020\/03\/logo-pizzasever.png\",\"width\":1172,\"height\":1172,\"caption\":\"PizzaSever Martin\"},\"image\":{\"@id\":\"https:\/\/sstanginggpizza.pizzasevermartin.sk\/#\/schema\/logo\/image\/\"},\"sameAs\":[\"https:\/\/www.facebook.com\/PizzaSever-Martin-1988318621407259\/\"]}]}<\/script>\n<!-- \/ Yoast SEO plugin. -->","yoast_head_json":{"title":"Ochrana osobn\u00fdch \u00fadajov - PizzaSever Martin","robots":{"index":"index","follow":"follow","max-snippet":"max-snippet:-1","max-image-preview":"max-image-preview:large","max-video-preview":"max-video-preview:-1"},"canonical":"https:\/\/sstanginggpizza.pizzasevermartin.sk\/en\/ochrana-osobnych-udajov\/","og_locale":"en_US","og_type":"article","og_title":"Ochrana osobn\u00fdch \u00fadajov - PizzaSever Martin","og_description":"Inform\u00e1cie o ochrane fyzick\u00fdch os\u00f4b v s\u00favislosti so spracovan\u00edm osobn\u00fdch \u00fadajov a o vo\u013enom pohybe t\u00fdchto \u00fadajov (\u010falej len: \u201eGDPR\u201d) Z\u00c1KLADN\u00c9 USTANOVENIESpr\u00e1vcom osobn\u00fdch \u00fadajov pod\u013ea \u010dl. 4 bod 7 nariadenia Eur\u00f3pskeho parlamentu a Rady (EU) 2016\/679 o ochrane fyzick\u00fdch os\u00f4b v s\u00favislosti so spracovan\u00edm osobn\u00fdch \u00fadajov a o vo\u013enom pohybe t\u00fdchto \u00fadajov (\u010falej len: \u201eGDPR\u201d) [&hellip;]","og_url":"https:\/\/sstanginggpizza.pizzasevermartin.sk\/en\/ochrana-osobnych-udajov\/","og_site_name":"PizzaSever Martin","article_publisher":"https:\/\/www.facebook.com\/PizzaSever-Martin-1988318621407259\/","article_modified_time":"2024-04-08T22:11:39+00:00","twitter_card":"summary_large_image","twitter_misc":{"Est. reading time":"4 minutes"},"schema":{"@context":"https:\/\/schema.org","@graph":[{"@type":"WebPage","@id":"https:\/\/sstanginggpizza.pizzasevermartin.sk\/ochrana-osobnych-udajov\/","url":"https:\/\/sstanginggpizza.pizzasevermartin.sk\/ochrana-osobnych-udajov\/","name":"Ochrana osobn\u00fdch \u00fadajov - PizzaSever Martin","isPartOf":{"@id":"https:\/\/sstanginggpizza.pizzasevermartin.sk\/#website"},"datePublished":"2020-07-20T00:59:29+00:00","dateModified":"2024-04-08T22:11:39+00:00","breadcrumb":{"@id":"https:\/\/sstanginggpizza.pizzasevermartin.sk\/ochrana-osobnych-udajov\/#breadcrumb"},"inLanguage":"en-US","potentialAction":[{"@type":"ReadAction","target":["https:\/\/sstanginggpizza.pizzasevermartin.sk\/ochrana-osobnych-udajov\/"]}]},{"@type":"BreadcrumbList","@id":"https:\/\/sstanginggpizza.pizzasevermartin.sk\/ochrana-osobnych-udajov\/#breadcrumb","itemListElement":[{"@type":"ListItem","position":1,"name":"Domovsk\u00e1 str\u00e1nka","item":"https:\/\/sstanginggpizza.pizzasevermartin.sk\/"},{"@type":"ListItem","position":2,"name":"Ochrana osobn\u00fdch \u00fadajov"}]},{"@type":"WebSite","@id":"https:\/\/sstanginggpizza.pizzasevermartin.sk\/#website","url":"https:\/\/sstanginggpizza.pizzasevermartin.sk\/","name":"PizzaSever Martin","description":"","publisher":{"@id":"https:\/\/sstanginggpizza.pizzasevermartin.sk\/#organization"},"potentialAction":[{"@type":"SearchAction","target":{"@type":"EntryPoint","urlTemplate":"https:\/\/sstanginggpizza.pizzasevermartin.sk\/?s={search_term_string}"},"query-input":"required name=search_term_string"}],"inLanguage":"en-US"},{"@type":"Organization","@id":"https:\/\/sstanginggpizza.pizzasevermartin.sk\/#organization","name":"PizzaSever Martin","url":"https:\/\/sstanginggpizza.pizzasevermartin.sk\/","logo":{"@type":"ImageObject","inLanguage":"en-US","@id":"https:\/\/sstanginggpizza.pizzasevermartin.sk\/#\/schema\/logo\/image\/","url":"http:\/\/sstanginggpizza.pizzasevermartin.sk\/wp-content\/uploads\/2020\/03\/logo-pizzasever.png","contentUrl":"http:\/\/sstanginggpizza.pizzasevermartin.sk\/wp-content\/uploads\/2020\/03\/logo-pizzasever.png","width":1172,"height":1172,"caption":"PizzaSever Martin"},"image":{"@id":"https:\/\/sstanginggpizza.pizzasevermartin.sk\/#\/schema\/logo\/image\/"},"sameAs":["https:\/\/www.facebook.com\/PizzaSever-Martin-1988318621407259\/"]}]}},"builder_content":"<p>Inform\u00e1cie o ochrane fyzick\u00fdch os\u00f4b v s\u00favislosti so spracovan\u00edm osobn\u00fdch \u00fadajov a o vo\u013enom pohybe t\u00fdchto \u00fadajov (\u010falej len: \u201eGDPR\u201d)<\/p> <p>Z\u00c1KLADN\u00c9 USTANOVENIE<br \/>Spr\u00e1vcom osobn\u00fdch \u00fadajov pod\u013ea \u010dl. 4 bod 7 nariadenia Eur\u00f3pskeho parlamentu a Rady (EU) 2016\/679 o ochrane fyzick\u00fdch os\u00f4b v s\u00favislosti so spracovan\u00edm osobn\u00fdch \u00fadajov a o vo\u013enom pohybe t\u00fdchto \u00fadajov (\u010falej len: \u201eGDPR\u201d) je M\u00e1rio Mr\u00e1z., S\u00eddlo: Jilemnick\u00e9ho 4007\/53 Martin 036 01.<br \/>(\u010falej len: \u201espr\u00e1vca\u201c).<br \/>Kontaktn\u00e9 \u00fadaje spr\u00e1vcu:<br \/>kore\u0161ponden\u010dn\u00e1 adresa: M\u00e1rio Mr\u00e1z., S\u00eddlo: Jilemnick\u00e9ho 4007\/53 Martin 036 01 ,tel.: +421 911 992 323, info@sstanginggpizza.pizzasevermartin.sk<br \/>Osobn\u00fdmi \u00fadajmi sa rozumej\u00fa v\u0161etky inform\u00e1cie o identifikovanej alebo identifikovate\u013enej fyzickej osobe; identifikovate\u013enou fyzickou osobou je fyzick\u00e1 osoba, ktor\u00fa mo\u017eno priamo \u010di nepriamo identifikova\u0165, najm\u00e4 odkazom na ur\u010dit\u00fd identifik\u00e1tor, napr\u00edklad meno, identifika\u010dn\u00e9 \u010d\u00edslo, lokaliza\u010dn\u00e9 \u00fadaje, sie\u0165ov\u00fd identifik\u00e1tor alebo na jeden \u010di viacej zvl\u00e1\u0161tnych prvkov fyzickej, fyziologickej, genetickej, psychickej, ekonomickej, kult\u00farnej alebo spolo\u010denskej identity tejto fyzickej osoby.<br \/>Spr\u00e1vca nevymenoval poverenca pre ochranu osobn\u00fdch \u00fadajov (nako\u013eko rozsah a povaha spracov\u00e1van\u00fdch osobn\u00fdch \u00fadajov si to nevy\u017eaduje).<\/p> <p>ZDROJE A KATEG\u00d3RIE SPRACOV\u00c1VAN\u00ddCH OSOBN\u00ddCH \u00daDAJOV<br \/>Spr\u00e1vca spracov\u00e1va osobn\u00e9 \u00fadaje, ktor\u00e9 ste mu poskytli alebo osobn\u00e9 \u00fadaje, ktor\u00e9 spr\u00e1vca z\u00edskal na z\u00e1klade plnenia Va\u0161ej objedn\u00e1vky.<br \/>Spr\u00e1vca spracov\u00e1va Va\u0161e identifika\u010dn\u00e9 a kontaktn\u00e9 \u00fadaje a \u00fadaje nevyhnutn\u00e9 pre plnenie objedn\u00e1vky.<\/p> <p>Z\u00c1KONN\u00dd D\u00d4VOD A \u00da\u010cEL SPRACOVANIA OSOBN\u00ddCH \u00daDAJOV<br \/>Z\u00e1konn\u00fdm d\u00f4vodom spracovania osobn\u00fdch \u00fadajov je opr\u00e1vnen\u00fd z\u00e1ujem spr\u00e1vcu na poskytovan\u00ed priameho marketingu (najm\u00e4 pre zasielanie obchodn\u00fdch inform\u00e1ci\u00ed \/ newsletterov) pod\u013ea \u010dl. 6 ods. 1 p\u00edsm. f) GDPR,<br \/>\u00da\u010delom spracovania osobn\u00fdch \u00fadajov je zasielanie obchodn\u00fdch inform\u00e1ci\u00ed a uskuto\u010d\u0148ovanie \u010fal\u0161\u00edch marketingov\u00fdch aktiv\u00edt.<br \/>Zo strany spr\u00e1vcu nedoch\u00e1dza k automatizovan\u00e9mu individu\u00e1lnemu rozhodovaniu v zmysle \u010dl. 22 GDPR.<\/p> <p>DOBA UCHOV\u00c1VANIA \u00daDAJOV<br \/>Spr\u00e1vca uchov\u00e1va osobn\u00e9 \u00fadaje po dobu, ne\u017e je odvolan\u00fd s\u00fahlas so spracovan\u00edm osobn\u00fdch \u00fadajov pre \u00fa\u010dely marketingu, najdlh\u0161ie10 rokov v pr\u00edpade, \u017ee s\u00fa osobn\u00e9 \u00fadaje spracov\u00e1van\u00e9 na z\u00e1klade V\u00e1\u0161ho s\u00fahlasu. V pr\u00edpade, \u017ee chcete zru\u0161i\u0165 svoj s\u00fahlas na zasielanie newsletterov z n\u00e1\u0161ho e-shopu nap\u00ed\u0161te n\u00e1m na adresu info@sstanginggpizza.pizzasevermartin.sk a spr\u00e1vca Va\u0161u adresu bezodkladne vyma\u017ee.<br \/>Po uplynut\u00ed doby uchov\u00e1vania osobn\u00fdch \u00fadajov spr\u00e1vca osobn\u00e9 \u00fadaje vyma\u017ee.<\/p> <p><br \/>PR\u00cdJEMCOVIA OSOBN\u00ddCH \u00daDAJOV (SUBDOD\u00c1VATELIA SPR\u00c1VCU)<br \/>Pr\u00edjemcovia osobn\u00fdch \u00fadajov s\u00fa osoby:<br \/>\u2022 zais\u0165uj\u00face slu\u017eby prev\u00e1dzky e-shopu a \u010fal\u0161ie slu\u017eby v s\u00favislosti s prev\u00e1dzkovan\u00edm e-shopu,<br \/>\u2022 zais\u0165uj\u00face marketingov\u00e9 slu\u017eby (zasielanie newsletterov).<br \/>Spr\u00e1vca nem\u00e1 v \u00famysle odovzda\u0165 osobn\u00e9 \u00fadaje do tretej krajiny (do krajiny mimo EU) alebo medzin\u00e1rodnej organiz\u00e1cii.<\/p> <p>VA\u0160E PR\u00c1VA<br \/>V podmienkach stanoven\u00fdch v GDPR m\u00e1te pr\u00e1vo:<br \/>\u2022 na pr\u00edstup k svoj\u00edm osobn\u00fdm \u00fadajom pod\u013ea \u010dl. 15 GDPR,<br \/>\u2022 na opravu osobn\u00fdch \u00fadajov pod\u013ea \u010dl. 16 GDPR, pr\u00edpadne obmedzenie spracovania pod\u013ea \u010dl. 18 GDPR.<br \/>\u2022 na v\u00fdmaz osobn\u00fdch \u00fadajov pod\u013ea \u010dl. 17 GDPR.<br \/>\u2022 vznies\u0165 n\u00e1mietku proti spracovaniu pod\u013ea \u010dl. 21 GDPR a<br \/>\u2022 na prenosite\u013enos\u0165 osobn\u00fdch \u00fadajov pod\u013ea \u010dl. 20 GDPR.<br \/>\u2022 odvola\u0165 s\u00fahlas so spracovan\u00edm p\u00edsomne alebo elektronicky na adresu alebo e-mail spr\u00e1vcu uveden\u00fd v \u010dl. III t\u00fdchto podmienok.<br \/>\u010ealej m\u00e1te pr\u00e1vo poda\u0165 s\u0165a\u017enos\u0165 na \u00darad pre ochranu osobn\u00fdch \u00fadajov v pr\u00edpade, \u017ee sa domnievate, \u017ee bolo poru\u0161en\u00e9 Va\u0161e pr\u00e1vo na ochranu osobn\u00fdch \u00fadajov.<\/p> <p>PODMIENKY ZABEZPE\u010cENIA OSOBN\u00ddCH \u00daDAJOV<br \/>Spr\u00e1vca prehlasuje, \u017ee prijal v\u0161etky vhodn\u00e9 technick\u00e9 a organiza\u010dn\u00e9 opatrenia k zabezpe\u010deniu osobn\u00fdch \u00fadajov.<br \/>Spr\u00e1vca prehlasuje, \u017ee k osobn\u00fdm \u00fadajom maj\u00fa pr\u00edstup len n\u00edm poveren\u00e9 osoby.<\/p> <p>Z\u00c1VERE\u010cN\u00c9 USTANOVENIA<br \/>S t\u00fdmito podmienkami s\u00fahlas\u00edte za\u0161krtnut\u00edm s\u00fahlasu prostredn\u00edctvom internetov\u00e9ho formul\u00e1ra. Za\u0161krtnut\u00edm s\u00fahlasu potvrdzujete, \u017ee ste obozn\u00e1men\u00fd s podmienkami ochrany osobn\u00fdch \u00fadajov a \u017ee ich v celom rozsahu prij\u00edmate.<br \/>Spr\u00e1vca je opr\u00e1vnen\u00fd tieto podmienky zmeni\u0165. Nov\u00fa verziu podmienok ochrany osobn\u00fdch \u00fadajov zverejn\u00ed na svojich internetov\u00fdch str\u00e1nkach a z\u00e1rove\u0148 V\u00e1m po\u0161le nov\u00fa verziu t\u00fdchto podmienok na Va\u0161u e-mailov\u00fa adresu, ktor\u00fa ste spr\u00e1vcovi poskytli.<\/p>","_links":{"self":[{"href":"https:\/\/sstanginggpizza.pizzasevermartin.sk\/en\/wp-json\/wp\/v2\/pages\/617"}],"collection":[{"href":"https:\/\/sstanginggpizza.pizzasevermartin.sk\/en\/wp-json\/wp\/v2\/pages"}],"about":[{"href":"https:\/\/sstanginggpizza.pizzasevermartin.sk\/en\/wp-json\/wp\/v2\/types\/page"}],"author":[{"embeddable":true,"href":"https:\/\/sstanginggpizza.pizzasevermartin.sk\/en\/wp-json\/wp\/v2\/users\/1"}],"replies":[{"embeddable":true,"href":"https:\/\/sstanginggpizza.pizzasevermartin.sk\/en\/wp-json\/wp\/v2\/comments?post=617"}],"version-history":[{"count":5,"href":"https:\/\/sstanginggpizza.pizzasevermartin.sk\/en\/wp-json\/wp\/v2\/pages\/617\/revisions"}],"predecessor-version":[{"id":14112,"href":"https:\/\/sstanginggpizza.pizzasevermartin.sk\/en\/wp-json\/wp\/v2\/pages\/617\/revisions\/14112"}],"wp:attachment":[{"href":"https:\/\/sstanginggpizza.pizzasevermartin.sk\/en\/wp-json\/wp\/v2\/media?parent=617"}],"curies":[{"name":"wp","href":"https:\/\/api.w.org\/{rel}","templated":true}]}}