{"id":723,"date":"2020-07-31T19:19:18","date_gmt":"2020-07-31T17:19:18","guid":{"rendered":"https:\/\/sstanginggpizza.pizzasevermartin.sk\/?page_id=723"},"modified":"2020-07-31T19:22:09","modified_gmt":"2020-07-31T17:22:09","slug":"zoznam-alergenov","status":"publish","type":"page","link":"https:\/\/sstanginggpizza.pizzasevermartin.sk\/en\/zoznam-alergenov\/","title":{"rendered":"List of allergens"},"content":{"rendered":"<!--themify_builder_content-->\n<div id=\"themify_builder_content-723\" data-postid=\"723\" class=\"themify_builder_content themify_builder_content-723 themify_builder tf_clear\">\n    \t\t\t\t<!-- module_row -->\n\t\t<div  data-lazy=\"1\" class=\"module_row themify_builder_row tb_wcay229 tb_first tf_w tf_clearfix\">\n\t\t\t\t\t<div class=\"row_inner col_align_top tb_col_count_1 tf_box tf_rel\">\n\t\t\t\t\t<div  data-lazy=\"1\" class=\"module_column tb-column col-full tb_k8t7230 first\">\n\t\t\t\t\t\t\t\t\t<div class=\"tb-column-inner tf_box tf_w\">\n\t\t\t\t\t\t<div  data-lazy=\"1\" class=\"module_subrow themify_builder_sub_row tb_o08s957 tf_w tf_clearfix\">\n\t\t\t\t\t<div class=\"subrow_inner col_align_top tb_col_count_1 tf_box tf_w\">\n\t\t\t\t\t<div  data-lazy=\"1\" class=\"module_column sub_column col-full tb_2r1j959 first\">\n\t\t\t\t\t\t\t\t\t<div class=\"tb-column-inner tf_box tf_w\">\n\t\t\t\t<!-- module text -->\n<div  class=\"module module-text tb_jw74392\" data-lazy=\"1\">\n        <div  class=\"tb_text_wrap\">\n    <h1>List of allergens<\/h1>    <\/div>\n<\/div>\n<!-- \/module text --><!-- module text -->\n<div  class=\"module module-text tb_qv06606\" data-lazy=\"1\">\n        <div  class=\"tb_text_wrap\">\n    <h6>1. Obilniny obsahuj\u00face lepok (t.j. p\u0161enica, ra\u017e, ja\u010dme\u0148, ovos, \u0161palda, kamut) a v\u00fdrobky z nich.<br \/>2. K\u00f4rovce a v\u00fdrobky z nich.<br \/>3. Vajcia a v\u00fdrobky z nich.<br \/>4. Ryby a v\u00fdrobky z nich.<br \/>5. Ara\u0161idy a v\u00fdrobky z nich.<br \/>6. S\u00f3jov\u00e9 zrn\u00e1 a v\u00fdrobky z nich.<br \/>7. Mlieko a v\u00fdrobky z neho.<br \/>8. Orechy, ktor\u00fdmi s\u00fa mandle, lieskov\u00e9 orechy, vla\u0161sk\u00e9 orechy, ke\u0161u, pekanov\u00e9 orechy, para orechy, pist\u00e1cie, makadamov\u00e9 orechy a queenslandsk\u00e9 orechy a v\u00fdrobky z nich.<br \/>9. Zeler a v\u00fdrobky z neho.<br \/>10. Hor\u010dica a v\u00fdrobky z nej.<br \/>11. Sezamov\u00e9 semen\u00e1 a v\u00fdrobky z nich.<br \/>12. Oxid siri\u010dit\u00fd a siri\u010ditany v koncentr\u00e1ci\u00e1ch vy\u0161\u0161\u00edch ako 10 mg\/kg alebo 10mg\/l vyjadren\u00e9 ako SO2.<br \/>13. Vl\u010d\u00ed b\u00f4b a v\u00fdrobky z neho.<br \/>14. M\u00e4kk\u00fd\u0161e a v\u00fdrobky z nich.<\/h6>    <\/div>\n<\/div>\n<!-- \/module text -->\t\t\t\t<\/div><!-- .tb-column-inner -->\n\t\t\t\t\t\t<\/div><!-- .module_column -->\n\t\t\t\t\t\t<\/div><!-- .subrow_inner -->\n\t\t<\/div><!-- .themify_builder_sub_row -->\n\t\t\t\t\t\t\t\t<\/div><!-- .tb-column-inner -->\n\t\t\t\t\t\t<\/div><!-- .module_column -->\n\t\t\t\t\t\t<\/div><!-- .row_inner -->\n\t\t<\/div><!-- .module_row -->\n\t\t\t\t<\/div>\n<!--\/themify_builder_content-->","protected":false},"excerpt":{"rendered":"<p>Zoznam alerg\u00e9nov 1. Obilniny obsahuj\u00face lepok (t.j. p\u0161enica, ra\u017e, ja\u010dme\u0148, ovos, \u0161palda, kamut) a v\u00fdrobky z nich.2. K\u00f4rovce a v\u00fdrobky z nich.3. Vajcia a v\u00fdrobky z nich.4. Ryby a v\u00fdrobky z nich.5. Ara\u0161idy a v\u00fdrobky z nich.6. S\u00f3jov\u00e9 zrn\u00e1 a v\u00fdrobky z nich.7. Mlieko a v\u00fdrobky z neho.8. Orechy, ktor\u00fdmi s\u00fa mandle, lieskov\u00e9 orechy, vla\u0161sk\u00e9 [&hellip;]<\/p>","protected":false},"author":1,"featured_media":0,"parent":0,"menu_order":0,"comment_status":"closed","ping_status":"closed","template":"","meta":{"footnotes":""},"yoast_head":"<!-- This site is optimized with the Yoast SEO plugin v21.5 - https:\/\/yoast.com\/wordpress\/plugins\/seo\/ -->\n<title>Zoznam alerg\u00e9nov - PizzaSever Martin<\/title>\n<meta name=\"robots\" content=\"index, follow, max-snippet:-1, max-image-preview:large, max-video-preview:-1\" \/>\n<link rel=\"canonical\" href=\"https:\/\/sstanginggpizza.pizzasevermartin.sk\/en\/zoznam-alergenov\/\" \/>\n<meta property=\"og:locale\" content=\"en_US\" \/>\n<meta property=\"og:type\" content=\"article\" \/>\n<meta property=\"og:title\" content=\"Zoznam alerg\u00e9nov - PizzaSever Martin\" \/>\n<meta property=\"og:description\" content=\"Zoznam alerg\u00e9nov 1. Obilniny obsahuj\u00face lepok (t.j. p\u0161enica, ra\u017e, ja\u010dme\u0148, ovos, \u0161palda, kamut) a v\u00fdrobky z nich.2. K\u00f4rovce a v\u00fdrobky z nich.3. Vajcia a v\u00fdrobky z nich.4. Ryby a v\u00fdrobky z nich.5. Ara\u0161idy a v\u00fdrobky z nich.6. S\u00f3jov\u00e9 zrn\u00e1 a v\u00fdrobky z nich.7. Mlieko a v\u00fdrobky z neho.8. Orechy, ktor\u00fdmi s\u00fa mandle, lieskov\u00e9 orechy, vla\u0161sk\u00e9 [&hellip;]\" \/>\n<meta property=\"og:url\" content=\"https:\/\/sstanginggpizza.pizzasevermartin.sk\/en\/zoznam-alergenov\/\" \/>\n<meta property=\"og:site_name\" content=\"PizzaSever Martin\" \/>\n<meta property=\"article:publisher\" content=\"https:\/\/www.facebook.com\/PizzaSever-Martin-1988318621407259\/\" \/>\n<meta property=\"article:modified_time\" content=\"2020-07-31T17:22:09+00:00\" \/>\n<meta name=\"twitter:card\" content=\"summary_large_image\" \/>\n<meta name=\"twitter:label1\" content=\"Est. reading time\" \/>\n\t<meta name=\"twitter:data1\" content=\"1 minute\" \/>\n<script type=\"application\/ld+json\" class=\"yoast-schema-graph\">{\"@context\":\"https:\/\/schema.org\",\"@graph\":[{\"@type\":\"WebPage\",\"@id\":\"https:\/\/sstanginggpizza.pizzasevermartin.sk\/zoznam-alergenov\/\",\"url\":\"https:\/\/sstanginggpizza.pizzasevermartin.sk\/zoznam-alergenov\/\",\"name\":\"Zoznam alerg\u00e9nov - PizzaSever Martin\",\"isPartOf\":{\"@id\":\"https:\/\/sstanginggpizza.pizzasevermartin.sk\/#website\"},\"datePublished\":\"2020-07-31T17:19:18+00:00\",\"dateModified\":\"2020-07-31T17:22:09+00:00\",\"breadcrumb\":{\"@id\":\"https:\/\/sstanginggpizza.pizzasevermartin.sk\/zoznam-alergenov\/#breadcrumb\"},\"inLanguage\":\"en-US\",\"potentialAction\":[{\"@type\":\"ReadAction\",\"target\":[\"https:\/\/sstanginggpizza.pizzasevermartin.sk\/zoznam-alergenov\/\"]}]},{\"@type\":\"BreadcrumbList\",\"@id\":\"https:\/\/sstanginggpizza.pizzasevermartin.sk\/zoznam-alergenov\/#breadcrumb\",\"itemListElement\":[{\"@type\":\"ListItem\",\"position\":1,\"name\":\"Domovsk\u00e1 str\u00e1nka\",\"item\":\"https:\/\/sstanginggpizza.pizzasevermartin.sk\/\"},{\"@type\":\"ListItem\",\"position\":2,\"name\":\"Zoznam alerg\u00e9nov\"}]},{\"@type\":\"WebSite\",\"@id\":\"https:\/\/sstanginggpizza.pizzasevermartin.sk\/#website\",\"url\":\"https:\/\/sstanginggpizza.pizzasevermartin.sk\/\",\"name\":\"PizzaSever Martin\",\"description\":\"\",\"publisher\":{\"@id\":\"https:\/\/sstanginggpizza.pizzasevermartin.sk\/#organization\"},\"potentialAction\":[{\"@type\":\"SearchAction\",\"target\":{\"@type\":\"EntryPoint\",\"urlTemplate\":\"https:\/\/sstanginggpizza.pizzasevermartin.sk\/?s={search_term_string}\"},\"query-input\":\"required name=search_term_string\"}],\"inLanguage\":\"en-US\"},{\"@type\":\"Organization\",\"@id\":\"https:\/\/sstanginggpizza.pizzasevermartin.sk\/#organization\",\"name\":\"PizzaSever Martin\",\"url\":\"https:\/\/sstanginggpizza.pizzasevermartin.sk\/\",\"logo\":{\"@type\":\"ImageObject\",\"inLanguage\":\"en-US\",\"@id\":\"https:\/\/sstanginggpizza.pizzasevermartin.sk\/#\/schema\/logo\/image\/\",\"url\":\"http:\/\/sstanginggpizza.pizzasevermartin.sk\/wp-content\/uploads\/2020\/03\/logo-pizzasever.png\",\"contentUrl\":\"http:\/\/sstanginggpizza.pizzasevermartin.sk\/wp-content\/uploads\/2020\/03\/logo-pizzasever.png\",\"width\":1172,\"height\":1172,\"caption\":\"PizzaSever Martin\"},\"image\":{\"@id\":\"https:\/\/sstanginggpizza.pizzasevermartin.sk\/#\/schema\/logo\/image\/\"},\"sameAs\":[\"https:\/\/www.facebook.com\/PizzaSever-Martin-1988318621407259\/\"]}]}<\/script>\n<!-- \/ Yoast SEO plugin. -->","yoast_head_json":{"title":"Zoznam alerg\u00e9nov - PizzaSever Martin","robots":{"index":"index","follow":"follow","max-snippet":"max-snippet:-1","max-image-preview":"max-image-preview:large","max-video-preview":"max-video-preview:-1"},"canonical":"https:\/\/sstanginggpizza.pizzasevermartin.sk\/en\/zoznam-alergenov\/","og_locale":"en_US","og_type":"article","og_title":"Zoznam alerg\u00e9nov - PizzaSever Martin","og_description":"Zoznam alerg\u00e9nov 1. Obilniny obsahuj\u00face lepok (t.j. p\u0161enica, ra\u017e, ja\u010dme\u0148, ovos, \u0161palda, kamut) a v\u00fdrobky z nich.2. K\u00f4rovce a v\u00fdrobky z nich.3. Vajcia a v\u00fdrobky z nich.4. Ryby a v\u00fdrobky z nich.5. Ara\u0161idy a v\u00fdrobky z nich.6. S\u00f3jov\u00e9 zrn\u00e1 a v\u00fdrobky z nich.7. Mlieko a v\u00fdrobky z neho.8. Orechy, ktor\u00fdmi s\u00fa mandle, lieskov\u00e9 orechy, vla\u0161sk\u00e9 [&hellip;]","og_url":"https:\/\/sstanginggpizza.pizzasevermartin.sk\/en\/zoznam-alergenov\/","og_site_name":"PizzaSever Martin","article_publisher":"https:\/\/www.facebook.com\/PizzaSever-Martin-1988318621407259\/","article_modified_time":"2020-07-31T17:22:09+00:00","twitter_card":"summary_large_image","twitter_misc":{"Est. reading time":"1 minute"},"schema":{"@context":"https:\/\/schema.org","@graph":[{"@type":"WebPage","@id":"https:\/\/sstanginggpizza.pizzasevermartin.sk\/zoznam-alergenov\/","url":"https:\/\/sstanginggpizza.pizzasevermartin.sk\/zoznam-alergenov\/","name":"Zoznam alerg\u00e9nov - PizzaSever Martin","isPartOf":{"@id":"https:\/\/sstanginggpizza.pizzasevermartin.sk\/#website"},"datePublished":"2020-07-31T17:19:18+00:00","dateModified":"2020-07-31T17:22:09+00:00","breadcrumb":{"@id":"https:\/\/sstanginggpizza.pizzasevermartin.sk\/zoznam-alergenov\/#breadcrumb"},"inLanguage":"en-US","potentialAction":[{"@type":"ReadAction","target":["https:\/\/sstanginggpizza.pizzasevermartin.sk\/zoznam-alergenov\/"]}]},{"@type":"BreadcrumbList","@id":"https:\/\/sstanginggpizza.pizzasevermartin.sk\/zoznam-alergenov\/#breadcrumb","itemListElement":[{"@type":"ListItem","position":1,"name":"Domovsk\u00e1 str\u00e1nka","item":"https:\/\/sstanginggpizza.pizzasevermartin.sk\/"},{"@type":"ListItem","position":2,"name":"Zoznam alerg\u00e9nov"}]},{"@type":"WebSite","@id":"https:\/\/sstanginggpizza.pizzasevermartin.sk\/#website","url":"https:\/\/sstanginggpizza.pizzasevermartin.sk\/","name":"PizzaSever Martin","description":"","publisher":{"@id":"https:\/\/sstanginggpizza.pizzasevermartin.sk\/#organization"},"potentialAction":[{"@type":"SearchAction","target":{"@type":"EntryPoint","urlTemplate":"https:\/\/sstanginggpizza.pizzasevermartin.sk\/?s={search_term_string}"},"query-input":"required name=search_term_string"}],"inLanguage":"en-US"},{"@type":"Organization","@id":"https:\/\/sstanginggpizza.pizzasevermartin.sk\/#organization","name":"PizzaSever Martin","url":"https:\/\/sstanginggpizza.pizzasevermartin.sk\/","logo":{"@type":"ImageObject","inLanguage":"en-US","@id":"https:\/\/sstanginggpizza.pizzasevermartin.sk\/#\/schema\/logo\/image\/","url":"http:\/\/sstanginggpizza.pizzasevermartin.sk\/wp-content\/uploads\/2020\/03\/logo-pizzasever.png","contentUrl":"http:\/\/sstanginggpizza.pizzasevermartin.sk\/wp-content\/uploads\/2020\/03\/logo-pizzasever.png","width":1172,"height":1172,"caption":"PizzaSever Martin"},"image":{"@id":"https:\/\/sstanginggpizza.pizzasevermartin.sk\/#\/schema\/logo\/image\/"},"sameAs":["https:\/\/www.facebook.com\/PizzaSever-Martin-1988318621407259\/"]}]}},"builder_content":"<h1>Zoznam alerg\u00e9nov<\/h1>\n<h6>1. Obilniny obsahuj\u00face lepok (t.j. p\u0161enica, ra\u017e, ja\u010dme\u0148, ovos, \u0161palda, kamut) a v\u00fdrobky z nich.<br \/>2. K\u00f4rovce a v\u00fdrobky z nich.<br \/>3. Vajcia a v\u00fdrobky z nich.<br \/>4. Ryby a v\u00fdrobky z nich.<br \/>5. Ara\u0161idy a v\u00fdrobky z nich.<br \/>6. S\u00f3jov\u00e9 zrn\u00e1 a v\u00fdrobky z nich.<br \/>7. Mlieko a v\u00fdrobky z neho.<br \/>8. Orechy, ktor\u00fdmi s\u00fa mandle, lieskov\u00e9 orechy, vla\u0161sk\u00e9 orechy, ke\u0161u, pekanov\u00e9 orechy, para orechy, pist\u00e1cie, makadamov\u00e9 orechy a queenslandsk\u00e9 orechy a v\u00fdrobky z nich.<br \/>9. Zeler a v\u00fdrobky z neho.<br \/>10. Hor\u010dica a v\u00fdrobky z nej.<br \/>11. Sezamov\u00e9 semen\u00e1 a v\u00fdrobky z nich.<br \/>12. Oxid siri\u010dit\u00fd a siri\u010ditany v koncentr\u00e1ci\u00e1ch vy\u0161\u0161\u00edch ako 10 mg\/kg alebo 10mg\/l vyjadren\u00e9 ako SO2.<br \/>13. Vl\u010d\u00ed b\u00f4b a v\u00fdrobky z neho.<br \/>14. M\u00e4kk\u00fd\u0161e a v\u00fdrobky z nich.<\/h6>","_links":{"self":[{"href":"https:\/\/sstanginggpizza.pizzasevermartin.sk\/en\/wp-json\/wp\/v2\/pages\/723"}],"collection":[{"href":"https:\/\/sstanginggpizza.pizzasevermartin.sk\/en\/wp-json\/wp\/v2\/pages"}],"about":[{"href":"https:\/\/sstanginggpizza.pizzasevermartin.sk\/en\/wp-json\/wp\/v2\/types\/page"}],"author":[{"embeddable":true,"href":"https:\/\/sstanginggpizza.pizzasevermartin.sk\/en\/wp-json\/wp\/v2\/users\/1"}],"replies":[{"embeddable":true,"href":"https:\/\/sstanginggpizza.pizzasevermartin.sk\/en\/wp-json\/wp\/v2\/comments?post=723"}],"version-history":[{"count":2,"href":"https:\/\/sstanginggpizza.pizzasevermartin.sk\/en\/wp-json\/wp\/v2\/pages\/723\/revisions"}],"predecessor-version":[{"id":725,"href":"https:\/\/sstanginggpizza.pizzasevermartin.sk\/en\/wp-json\/wp\/v2\/pages\/723\/revisions\/725"}],"wp:attachment":[{"href":"https:\/\/sstanginggpizza.pizzasevermartin.sk\/en\/wp-json\/wp\/v2\/media?parent=723"}],"curies":[{"name":"wp","href":"https:\/\/api.w.org\/{rel}","templated":true}]}}