{"id":367,"date":"2020-04-22T16:07:57","date_gmt":"2020-04-22T14:07:57","guid":{"rendered":"https:\/\/sstanginggpizza.pizzasevermartin.sk\/?post_type=product&#038;p=367"},"modified":"2024-04-26T00:17:01","modified_gmt":"2024-04-25T22:17:01","slug":"pizza-hawai","status":"publish","type":"product","link":"https:\/\/sstanginggpizza.pizzasevermartin.sk\/en\/product\/pizza-hawai\/","title":{"rendered":"5. HAWAI"},"content":{"rendered":"<p>Pizza Hawai, niektor\u00ed ju miluj\u00fa, in\u00ed nen\u00e1vidia.<br \/>\nSpojenie sladkej a slanej chuti, ktor\u00fdm sa presl\u00e1vili dvaja gr\u00e9cky bratia, u\u017e v roku 1945.<\/p>\n<p><strong>Hmotnos\u0165: 650 g<\/strong><br \/>\n&#8211; cesto<br \/>\n&#8211; paradajkov\u00fd z\u00e1klad<br \/>\n- cheese<br \/>\n&#8211; marinovan\u00e9 kuracie k\u00fasky<br \/>\n&#8211; anan\u00e1s<br \/>\n<strong>On request, the edges smeared with garlic.<\/strong><\/p>\n<!--themify_builder_content-->\n<div id=\"themify_builder_content-367\" data-postid=\"367\" class=\"themify_builder_content themify_builder_content-367 themify_builder tf_clear\">\n    <\/div>\n<!--\/themify_builder_content-->","protected":false},"excerpt":{"rendered":"<p>Dough, tomato base, cheese, marinated chicken pieces, pineapple (1,7)<\/p>","protected":false},"featured_media":12810,"template":"","meta":[],"product_cat":[20],"product_tag":[],"yoast_head":"<!-- This site is optimized with the Yoast SEO plugin v21.5 - https:\/\/yoast.com\/wordpress\/plugins\/seo\/ -->\n<title>5. HAWAI - PizzaSever Martin - Pizz\u00e9ria a don\u00e1\u0161kov\u00e1 slu\u017eba<\/title>\n<meta name=\"description\" content=\"Pizza Hawai, spojenie sladkej a slanej chuti. Anan\u00e1s, syr a kuracie m\u00e4so. Objedn\u00e1vajte u n\u00e1s v PizzaSever Martin!\" \/>\n<meta name=\"robots\" content=\"index, follow, max-snippet:-1, max-image-preview:large, max-video-preview:-1\" \/>\n<link rel=\"canonical\" href=\"https:\/\/sstanginggpizza.pizzasevermartin.sk\/en\/product\/pizza-hawai\/\" \/>\n<meta property=\"og:locale\" content=\"en_US\" \/>\n<meta property=\"og:type\" content=\"article\" \/>\n<meta property=\"og:title\" content=\"5. HAWAI - PizzaSever Martin - Pizz\u00e9ria a don\u00e1\u0161kov\u00e1 slu\u017eba\" \/>\n<meta property=\"og:description\" content=\"Pizza Hawai, spojenie sladkej a slanej chuti. Anan\u00e1s, syr a kuracie m\u00e4so. Objedn\u00e1vajte u n\u00e1s v PizzaSever Martin!\" \/>\n<meta property=\"og:url\" content=\"https:\/\/sstanginggpizza.pizzasevermartin.sk\/en\/product\/pizza-hawai\/\" \/>\n<meta property=\"og:site_name\" content=\"PizzaSever Martin\" \/>\n<meta property=\"article:publisher\" content=\"https:\/\/www.facebook.com\/PizzaSever-Martin-1988318621407259\/\" \/>\n<meta property=\"article:modified_time\" content=\"2024-04-25T22:17:01+00:00\" \/>\n<meta property=\"og:image\" content=\"http:\/\/sstanginggpizza.pizzasevermartin.sk\/wp-content\/uploads\/2023\/12\/5.-HAWAI-1.webp\" \/>\n\t<meta property=\"og:image:width\" content=\"600\" \/>\n\t<meta property=\"og:image:height\" content=\"400\" \/>\n\t<meta property=\"og:image:type\" content=\"image\/webp\" \/>\n<meta name=\"twitter:card\" content=\"summary_large_image\" \/>\n<meta name=\"twitter:label1\" content=\"Est. reading time\" \/>\n\t<meta name=\"twitter:data1\" content=\"1 minute\" \/>\n<script type=\"application\/ld+json\" class=\"yoast-schema-graph\">{\"@context\":\"https:\/\/schema.org\",\"@graph\":[{\"@type\":\"WebPage\",\"@id\":\"https:\/\/sstanginggpizza.pizzasevermartin.sk\/produkt\/pizza-hawai\/\",\"url\":\"https:\/\/sstanginggpizza.pizzasevermartin.sk\/produkt\/pizza-hawai\/\",\"name\":\"5. HAWAI - PizzaSever Martin - Pizz\u00e9ria a don\u00e1\u0161kov\u00e1 slu\u017eba\",\"isPartOf\":{\"@id\":\"https:\/\/sstanginggpizza.pizzasevermartin.sk\/#website\"},\"datePublished\":\"2020-04-22T14:07:57+00:00\",\"dateModified\":\"2024-04-25T22:17:01+00:00\",\"description\":\"Pizza Hawai, spojenie sladkej a slanej chuti. Anan\u00e1s, syr a kuracie m\u00e4so. Objedn\u00e1vajte u n\u00e1s v PizzaSever Martin!\",\"breadcrumb\":{\"@id\":\"https:\/\/sstanginggpizza.pizzasevermartin.sk\/produkt\/pizza-hawai\/#breadcrumb\"},\"inLanguage\":\"en-US\",\"potentialAction\":[{\"@type\":\"ReadAction\",\"target\":[\"https:\/\/sstanginggpizza.pizzasevermartin.sk\/produkt\/pizza-hawai\/\"]}]},{\"@type\":\"BreadcrumbList\",\"@id\":\"https:\/\/sstanginggpizza.pizzasevermartin.sk\/produkt\/pizza-hawai\/#breadcrumb\",\"itemListElement\":[{\"@type\":\"ListItem\",\"position\":1,\"name\":\"Domovsk\u00e1 str\u00e1nka\",\"item\":\"https:\/\/sstanginggpizza.pizzasevermartin.sk\/\"},{\"@type\":\"ListItem\",\"position\":2,\"name\":\"Cel\u00e1 ponuka\",\"item\":\"https:\/\/sstanginggpizza.pizzasevermartin.sk\/cela-ponuka\/\"},{\"@type\":\"ListItem\",\"position\":3,\"name\":\"5. HAWAI\"}]},{\"@type\":\"WebSite\",\"@id\":\"https:\/\/sstanginggpizza.pizzasevermartin.sk\/#website\",\"url\":\"https:\/\/sstanginggpizza.pizzasevermartin.sk\/\",\"name\":\"PizzaSever Martin\",\"description\":\"\",\"publisher\":{\"@id\":\"https:\/\/sstanginggpizza.pizzasevermartin.sk\/#organization\"},\"potentialAction\":[{\"@type\":\"SearchAction\",\"target\":{\"@type\":\"EntryPoint\",\"urlTemplate\":\"https:\/\/sstanginggpizza.pizzasevermartin.sk\/?s={search_term_string}\"},\"query-input\":\"required name=search_term_string\"}],\"inLanguage\":\"en-US\"},{\"@type\":\"Organization\",\"@id\":\"https:\/\/sstanginggpizza.pizzasevermartin.sk\/#organization\",\"name\":\"PizzaSever Martin\",\"url\":\"https:\/\/sstanginggpizza.pizzasevermartin.sk\/\",\"logo\":{\"@type\":\"ImageObject\",\"inLanguage\":\"en-US\",\"@id\":\"https:\/\/sstanginggpizza.pizzasevermartin.sk\/#\/schema\/logo\/image\/\",\"url\":\"http:\/\/sstanginggpizza.pizzasevermartin.sk\/wp-content\/uploads\/2020\/03\/logo-pizzasever.png\",\"contentUrl\":\"http:\/\/sstanginggpizza.pizzasevermartin.sk\/wp-content\/uploads\/2020\/03\/logo-pizzasever.png\",\"width\":1172,\"height\":1172,\"caption\":\"PizzaSever Martin\"},\"image\":{\"@id\":\"https:\/\/sstanginggpizza.pizzasevermartin.sk\/#\/schema\/logo\/image\/\"},\"sameAs\":[\"https:\/\/www.facebook.com\/PizzaSever-Martin-1988318621407259\/\"]}]}<\/script>\n<!-- \/ Yoast SEO plugin. -->","yoast_head_json":{"title":"5. HAWAI - PizzaSever Martin - Pizz\u00e9ria a don\u00e1\u0161kov\u00e1 slu\u017eba","description":"Pizza Hawai, spojenie sladkej a slanej chuti. Anan\u00e1s, syr a kuracie m\u00e4so. Objedn\u00e1vajte u n\u00e1s v PizzaSever Martin!","robots":{"index":"index","follow":"follow","max-snippet":"max-snippet:-1","max-image-preview":"max-image-preview:large","max-video-preview":"max-video-preview:-1"},"canonical":"https:\/\/sstanginggpizza.pizzasevermartin.sk\/en\/product\/pizza-hawai\/","og_locale":"en_US","og_type":"article","og_title":"5. HAWAI - PizzaSever Martin - Pizz\u00e9ria a don\u00e1\u0161kov\u00e1 slu\u017eba","og_description":"Pizza Hawai, spojenie sladkej a slanej chuti. Anan\u00e1s, syr a kuracie m\u00e4so. Objedn\u00e1vajte u n\u00e1s v PizzaSever Martin!","og_url":"https:\/\/sstanginggpizza.pizzasevermartin.sk\/en\/product\/pizza-hawai\/","og_site_name":"PizzaSever Martin","article_publisher":"https:\/\/www.facebook.com\/PizzaSever-Martin-1988318621407259\/","article_modified_time":"2024-04-25T22:17:01+00:00","og_image":[{"width":600,"height":400,"url":"http:\/\/sstanginggpizza.pizzasevermartin.sk\/wp-content\/uploads\/2023\/12\/5.-HAWAI-1.webp","type":"image\/webp"}],"twitter_card":"summary_large_image","twitter_misc":{"Est. reading time":"1 minute"},"schema":{"@context":"https:\/\/schema.org","@graph":[{"@type":"WebPage","@id":"https:\/\/sstanginggpizza.pizzasevermartin.sk\/produkt\/pizza-hawai\/","url":"https:\/\/sstanginggpizza.pizzasevermartin.sk\/produkt\/pizza-hawai\/","name":"5. HAWAI - PizzaSever Martin - Pizz\u00e9ria a don\u00e1\u0161kov\u00e1 slu\u017eba","isPartOf":{"@id":"https:\/\/sstanginggpizza.pizzasevermartin.sk\/#website"},"datePublished":"2020-04-22T14:07:57+00:00","dateModified":"2024-04-25T22:17:01+00:00","description":"Pizza Hawai, spojenie sladkej a slanej chuti. Anan\u00e1s, syr a kuracie m\u00e4so. Objedn\u00e1vajte u n\u00e1s v PizzaSever Martin!","breadcrumb":{"@id":"https:\/\/sstanginggpizza.pizzasevermartin.sk\/produkt\/pizza-hawai\/#breadcrumb"},"inLanguage":"en-US","potentialAction":[{"@type":"ReadAction","target":["https:\/\/sstanginggpizza.pizzasevermartin.sk\/produkt\/pizza-hawai\/"]}]},{"@type":"BreadcrumbList","@id":"https:\/\/sstanginggpizza.pizzasevermartin.sk\/produkt\/pizza-hawai\/#breadcrumb","itemListElement":[{"@type":"ListItem","position":1,"name":"Domovsk\u00e1 str\u00e1nka","item":"https:\/\/sstanginggpizza.pizzasevermartin.sk\/"},{"@type":"ListItem","position":2,"name":"Cel\u00e1 ponuka","item":"https:\/\/sstanginggpizza.pizzasevermartin.sk\/cela-ponuka\/"},{"@type":"ListItem","position":3,"name":"5. HAWAI"}]},{"@type":"WebSite","@id":"https:\/\/sstanginggpizza.pizzasevermartin.sk\/#website","url":"https:\/\/sstanginggpizza.pizzasevermartin.sk\/","name":"PizzaSever Martin","description":"","publisher":{"@id":"https:\/\/sstanginggpizza.pizzasevermartin.sk\/#organization"},"potentialAction":[{"@type":"SearchAction","target":{"@type":"EntryPoint","urlTemplate":"https:\/\/sstanginggpizza.pizzasevermartin.sk\/?s={search_term_string}"},"query-input":"required name=search_term_string"}],"inLanguage":"en-US"},{"@type":"Organization","@id":"https:\/\/sstanginggpizza.pizzasevermartin.sk\/#organization","name":"PizzaSever Martin","url":"https:\/\/sstanginggpizza.pizzasevermartin.sk\/","logo":{"@type":"ImageObject","inLanguage":"en-US","@id":"https:\/\/sstanginggpizza.pizzasevermartin.sk\/#\/schema\/logo\/image\/","url":"http:\/\/sstanginggpizza.pizzasevermartin.sk\/wp-content\/uploads\/2020\/03\/logo-pizzasever.png","contentUrl":"http:\/\/sstanginggpizza.pizzasevermartin.sk\/wp-content\/uploads\/2020\/03\/logo-pizzasever.png","width":1172,"height":1172,"caption":"PizzaSever Martin"},"image":{"@id":"https:\/\/sstanginggpizza.pizzasevermartin.sk\/#\/schema\/logo\/image\/"},"sameAs":["https:\/\/www.facebook.com\/PizzaSever-Martin-1988318621407259\/"]}]}},"builder_content":"","_links":{"self":[{"href":"https:\/\/sstanginggpizza.pizzasevermartin.sk\/en\/wp-json\/wp\/v2\/product\/367"}],"collection":[{"href":"https:\/\/sstanginggpizza.pizzasevermartin.sk\/en\/wp-json\/wp\/v2\/product"}],"about":[{"href":"https:\/\/sstanginggpizza.pizzasevermartin.sk\/en\/wp-json\/wp\/v2\/types\/product"}],"wp:featuredmedia":[{"embeddable":true,"href":"https:\/\/sstanginggpizza.pizzasevermartin.sk\/en\/wp-json\/wp\/v2\/media\/12810"}],"wp:attachment":[{"href":"https:\/\/sstanginggpizza.pizzasevermartin.sk\/en\/wp-json\/wp\/v2\/media?parent=367"}],"wp:term":[{"taxonomy":"product_cat","embeddable":true,"href":"https:\/\/sstanginggpizza.pizzasevermartin.sk\/en\/wp-json\/wp\/v2\/product_cat?post=367"},{"taxonomy":"product_tag","embeddable":true,"href":"https:\/\/sstanginggpizza.pizzasevermartin.sk\/en\/wp-json\/wp\/v2\/product_tag?post=367"}],"curies":[{"name":"wp","href":"https:\/\/api.w.org\/{rel}","templated":true}]}}